{"id":1447,"date":"2023-10-06T17:00:02","date_gmt":"2023-10-06T14:00:02","guid":{"rendered":"https:\/\/mostbet-az.bet\/?page_id=1447"},"modified":"2023-12-13T16:40:34","modified_gmt":"2023-12-13T13:40:34","slug":"promo","status":"publish","type":"page","link":"https:\/\/mostbet-az.bet\/promo\/","title":{"rendered":"Promo Kod"},"content":{"rendered":"<div class=\"wp-block-hc-container\"> <section class=\"wp-block-hc-alternate-group-section\" id=\"How-to-use-it\">  <div class=\"media_block left top\" style=\"grid-template-columns: auto 50%;\">  \t        <h2 class=\"title\">Mostbet promo kodundan nec\u0259 istifad\u0259 etm\u0259li<\/h2>          <div class=\"content\">          <p><a href=\"\/\">Mostbet-in<\/a> ekskl\u00fcziv promo kodu il\u0259 qazanma\u011fa haz\u0131rs\u0131n\u0131z? Mostbet promokodu istifad\u0259si olduqca sad\u0259 prosesdir v\u0259 \u0259lav\u0259 s\u0259y t\u0259l\u0259b etmir. Promo kodu istifad\u0259 etm\u0259k qaydas\u0131 il\u0259 tan\u0131\u015f olmaq \u00fc\u00e7\u00fcn a\u015fa\u011f\u0131dak\u0131 t\u0259limat\u0131 izl\u0259yin:<\/p>     <\/div>              <div class=\"image\">              <div itemscope=\"\" itemtype=\"https:\/\/schema.org\/ImageObject\" class=\"get-image schema-image-object-thumbnail\"><img width=\"1280\" height=\"900\" src=\"https:\/\/mostbet-az.bet\/wp-content\/uploads\/2023\/10\/2-how-to-use-promo-code.webp\" class=\"attachment-full size-full\" alt=\"Mostbet platformas\u0131nda &quot;GETVIP&quot; promokodu il\u0259 qeydiyyatdan ke\u00e7\u0259r\u0259k x\u00fcsusi bonuslardan istifad\u0259 edin!\" srcset=\"https:\/\/mostbet-az.bet\/wp-content\/uploads\/2023\/10\/2-how-to-use-promo-code.webp 1280w, https:\/\/mostbet-az.bet\/wp-content\/uploads\/2023\/10\/2-how-to-use-promo-code-450x316.webp 450w, https:\/\/mostbet-az.bet\/wp-content\/uploads\/2023\/10\/2-how-to-use-promo-code-1024x720.webp 1024w, https:\/\/mostbet-az.bet\/wp-content\/uploads\/2023\/10\/2-how-to-use-promo-code-150x105.webp 150w, https:\/\/mostbet-az.bet\/wp-content\/uploads\/2023\/10\/2-how-to-use-promo-code-768x540.webp 768w\" sizes=\"(max-width: 1280px) 100vw, 1280px\" loading=\"lazy\" decoding=\"async\" \/><meta itemprop=\"width\" content=\"1280\"><meta itemprop=\"height\" content=\"900\"><meta itemprop=\"contentUrl\" content=\"https:\/\/mostbet-az.bet\/wp-content\/uploads\/2023\/10\/2-how-to-use-promo-code.webp\"><meta itemprop=\"thumbnail\" content=\"https:\/\/mostbet-az.bet\/wp-content\/uploads\/2023\/10\/2-how-to-use-promo-code-450x316.webp\"><meta itemprop=\"thumbnail\" content=\"https:\/\/mostbet-az.bet\/wp-content\/uploads\/2023\/10\/2-how-to-use-promo-code-1024x720.webp\"><meta itemprop=\"thumbnail\" content=\"https:\/\/mostbet-az.bet\/wp-content\/uploads\/2023\/10\/2-how-to-use-promo-code-150x105.webp\"><meta itemprop=\"thumbnail\" content=\"https:\/\/mostbet-az.bet\/wp-content\/uploads\/2023\/10\/2-how-to-use-promo-code-768x540.webp\"><\/div>        <\/div>      <\/div>     <ol> <li><strong><a href=\"https:\/\/mostbet-az.bet\/registration\/\">Qeydiyyat<\/a><\/strong>. Sayt\u0131m\u0131zdak\u0131 link\u0259 klikl\u0259y\u0259r\u0259k r\u0259smi Mostbet veb-sayt\u0131na daxil olun v\u0259 hesab\u0131n\u0131z\u0131 yaratmaq \u00fc\u00e7\u00fcn yuxar\u0131 sa\u011fdak\u0131 &#8220;<strong>Qeydiyyat<\/strong>&#8221; d\u00fcym\u0259sini bas\u0131n.<\/li>    <li><strong>Bonusunuzu Se\u00e7in<\/strong>. Mostbet h\u0259m \u0130dman, h\u0259m d\u0259 Kazino bonusu t\u0259klif edir. Qeydiyyat prosesi zaman\u0131 ist\u0259diyiniz bonus n\u00f6v\u00fcn\u00fc se\u00e7in. \u018fg\u0259r siz kazino bonusunu se\u00e7s\u0259niz, Mostbet-d\u0259n \u0259lav\u0259 olaraq 250 FS d\u0259 qazana bil\u0259rsiniz. 250 pulsuz f\u0131rlatma \u0259ld\u0259 etm\u0259k \u00fc\u00e7\u00fcn qeydiyyatdan ke\u00e7dikd\u0259n sonra 7 g\u00fcn \u0259rzind\u0259 \u0259n az\u0131 30 AZN m\u0259bl\u0259\u011find\u0259 ilk depozitinizi edin. Bu spinl\u0259r 5 g\u00fcn \u0259rzind\u0259 b\u0259rab\u0259r hiss\u0259l\u0259rd\u0259 hesab\u0131n\u0131za k\u00f6\u00e7\u00fcr\u00fcl\u0259c\u0259k v\u0259 siz onlar\u0131 &#8220;3 Coins: Egypt&#8221; adl\u0131 slot oyununda istifad\u0259 ed\u0259 bil\u0259rsiniz.<\/li>    <li><strong>Depozit qoymaq<\/strong>. Bonusunuzu aktivl\u0259\u015fdirm\u0259k \u00fc\u00e7\u00fcn qeydiyyatdan ke\u00e7dikd\u0259n sonra 7 g\u00fcn \u0259rzind\u0259 \u0259n az\u0131 3 AZN-d\u0259n depozit qoymal\u0131s\u0131n\u0131z. Standart bonus depozit m\u0259bl\u0259\u011finizin 100%-i q\u0259d\u0259rdir. &#8220;<strong>Depozit<\/strong>&#8221; b\u00f6lm\u0259sin\u0259 gedin v\u0259 ist\u0259diyiniz metodu se\u00e7\u0259r\u0259k, hesab\u0131n\u0131z\u0131 art\u0131r\u0131n.<\/li>    <li><strong>Bonusunuzu g\u00f6t\u00fcr\u00fcn<\/strong>. Laz\u0131mi add\u0131mlar\u0131 tamamlad\u0131qdan sonra bonus v\u0259saitiniz hesab\u0131n\u0131za k\u00f6\u00e7\u00fcr\u00fcl\u0259c\u0259k. \u0130ndi Mostbet bonusu il\u0259 oynama\u011fa ba\u015flaya bil\u0259rsiniz.<\/li> <\/ol>    <section class=\"wp-block-hc-alternate-group-section\"> <h3 class=\"wp-block-heading\">Mostbet Bonusun \u018fsas \u015e\u0259rtl\u0259ri<\/h3>    <p>Siz \u0259g\u0259r \u0130dman bonusunu se\u00e7misinizs\u0259, ilk depozitinizi etdikd\u0259n sonra 30 g\u00fcn \u0259rzind\u0259 b\u0259zi \u015f\u0259rtl\u0259ri yerin\u0259 yetirm\u0259li olacaqs\u0131n\u0131z. Bel\u0259 ki, idman bonusu 5x d\u00f6vriyy\u0259 \u015f\u0259rti il\u0259 verilir. Y\u0259ni, <a href=\"https:\/\/mostbet-az.bet\/bonuses\/\">bonus<\/a> m\u0259bl\u0259\u011fi \u0259n az\u0131 5 qat\u0131 q\u0259d\u0259r m\u0259rc edilm\u0259lidir. Bunun \u00fc\u00e7\u00fcn \u0259n az\u0131 3 hadis\u0259d\u0259n v\u0259 h\u0259r birinin \u0259msal\u0131 \u0259n az\u0131 1,40 olan ekspres kuponlar yaratmal\u0131s\u0131n\u0131z. \u018fg\u0259r \u0130\u015ftirak\u00e7\u0131 g\u00f6st\u0259ril\u0259n m\u00fcdd\u0259t \u0259rzind\u0259 Aksiya \u015f\u0259rtl\u0259rini yerin\u0259 yetir\u0259 bilm\u0259s\u0259, bonus balans\u0131 l\u0259\u011fv edil\u0259c\u0259kdir.<\/p>    <p><a href=\"https:\/\/mostbet-az.bet\/casino\/\">Kazino<\/a> bonusu \u00fc\u00e7\u00fcns\u0259 \u015f\u0259rtl\u0259r ilk depozitd\u0259n sonra 72 saat \u0259rzind\u0259 kazino, canl\u0131 oyunlar v\u0259 ya virtual idmanda al\u0131nan bonus m\u0259bl\u0259\u011finin 60 qat\u0131 q\u0259d\u0259r d\u00f6vr etdirilm\u0259sini t\u0259l\u0259b edir. \u018fg\u0259r siz pulsuz f\u0131rlatmalar \u0259ld\u0259 etmisinizs\u0259, onlardan qazand\u0131\u011f\u0131n\u0131z udu\u015flar ayr\u0131ca kazino bonus hesab\u0131na k\u00f6\u00e7\u00fcr\u00fcl\u00fcr. Bu udu\u015flar\u0131 real pula \u00e7evirm\u0259k \u00fc\u00e7\u00fcn siz 24 saat \u0259rzind\u0259 bonus m\u0259bl\u0259\u011finin 60 qat\u0131 q\u0259d\u0259r m\u0259rc etm\u0259lisiniz.<\/p> <\/section> <\/section>    <section class=\"wp-block-hc-alternate-group-section\" id=\"Key-features\">  <section class=\"advantages\">  \t        <h2 class=\"title bef_b\">Mostbet-in \u018fsas \u00d6z\u0259llikl\u0259ri<\/h2>  \t    <div class=\"description\">Mostbet-i Az\u0259rbaycan\u0131n \u0259n yax\u015f\u0131 m\u0259rc saytlar\u0131ndan biri ed\u0259n onun hans\u0131 c\u0259h\u0259tl\u0259ridir? Bu b\u00f6lm\u0259d\u0259 Mostbet-i ba\u015fqa m\u0259rc saytlar\u0131ndan f\u0259rql\u0259ndir\u0259n \u0259sas x\u00fcsusiyy\u0259tl\u0259rin\u0259 n\u0259z\u0259r salaca\u011f\u0131q.<\/div>      <div class=\"advantages__container\">  \t\t            <div class=\"item\">                  <img src=\"https:\/\/mostbet-az.bet\/wp-content\/uploads\/2023\/10\/security.svg\" loading=\"lazy\" decoding=\"async\" alt=\"\">                  <h3>T\u0259hl\u00fck\u0259siz v\u0259 Etibarl\u0131<\/h3>                  <div>Cura\u00e7ao lisenziyas\u0131, g\u00fccl\u00fc \u015fifr\u0259l\u0259m\u0259 v\u0259 dig\u0259r t\u0259dbirl\u0259ri il\u0259 Mostbet-d\u0259 \u015f\u0259xsi v\u0259 maliyy\u0259 m\u0259lumatlar\u0131n\u0131z\u0131n t\u0259hl\u00fck\u0259siz oldu\u011funundan \u0259min olaraq inamla m\u0259rc ed\u0259 bil\u0259rsiniz.<\/div>              <\/div>  \t\t            <div class=\"item\">                  <img src=\"https:\/\/mostbet-az.bet\/wp-content\/uploads\/2023\/10\/sports.svg\" loading=\"lazy\" decoding=\"async\" alt=\"\">                  <h3>\u0130dman n\u00f6vl\u0259rinin geni\u015f \u00e7e\u015fidi<\/h3>                  <div>Mostbet idman h\u0259v\u0259skarlar\u0131n\u0131n maraqlar\u0131na cavab ver\u0259n geni\u015f sayda idman v\u0259 m\u0259rc hadis\u0259l\u0259ri t\u0259klif edir.<\/div>              <\/div>  \t\t            <div class=\"item\">                  <img src=\"https:\/\/mostbet-az.bet\/wp-content\/uploads\/2023\/10\/responsive.svg\" loading=\"lazy\" decoding=\"async\" alt=\"\">                  <h3>\u0130stifad\u0259\u00e7i dostu interfeys<\/h3>                  <div>Mostbet platformas\u0131nda naviqasiya onun intuitiv v\u0259 istifad\u0259\u00e7i dostu dizayn\u0131 say\u0259sind\u0259 olduqca sad\u0259dir.<\/div>              <\/div>  \t\t            <div class=\"item\">                  <img src=\"https:\/\/mostbet-az.bet\/wp-content\/uploads\/2023\/10\/dealer.svg\" loading=\"lazy\" decoding=\"async\" alt=\"\">                  <h3>Casino v\u0259 Canl\u0131 Oyunlar<\/h3>                  <div>\u018fg\u0259r kazino oyunlar\u0131 sizin t\u0259rzinizdirs\u0259, Mostbet-d\u0259 minl\u0259rl\u0259 kazino oyunlar\u0131 v\u0259 canl\u0131 diler se\u00e7iml\u0259ri var.<\/div>              <\/div>  \t\t            <div class=\"item\">                  <img src=\"https:\/\/mostbet-az.bet\/wp-content\/uploads\/2023\/10\/cellular-phone.svg\" loading=\"lazy\" decoding=\"async\" alt=\"\">                  <h3>Mobil Uy\u011funluq<\/h3>                  <div>\u0130st\u0259nil\u0259n vaxt, h\u0259r yerd\u0259 m\u0259rc etm\u0259y\u0259 imkan ver\u0259n mobil uy\u011fun veb-sayt\u0131 v\u0259 x\u00fcsusi proqram\u0131 il\u0259 yolda ged\u0259rk\u0259n bel\u0259 sevimli oyununuzu oynaya bil\u0259c\u0259ksiniz.<\/div>              <\/div>  \t\t            <div class=\"item\">                  <img src=\"https:\/\/mostbet-az.bet\/wp-content\/uploads\/2023\/10\/bonus.svg\" loading=\"lazy\" decoding=\"async\" alt=\"\">                  <h3>\u00c7oxlu Bonuslar<\/h3>                  <div>Promo kodundan ba\u015fqa, Mostbet m\u00fcnt\u0259z\u0259m olaraq qazancl\u0131 bonus v\u0259 promosyonlar t\u0259klif edir.<\/div>              <\/div>  \t\t            <div class=\"item\">                  <img src=\"https:\/\/mostbet-az.bet\/wp-content\/uploads\/2023\/10\/support.svg\" loading=\"lazy\" decoding=\"async\" alt=\"\">                  <h3>M\u00fc\u015ft\u0259ri D\u0259st\u0259yi<\/h3>                  <div>Mostbet m\u00fc\u015ft\u0259ri d\u0259st\u0259k 7\/24 olmaqla, bir \u00e7ox dill\u0259rd\u0259, o c\u00fcml\u0259d\u0259n Az\u0259rbaycanca xidm\u0259t verir.<\/div>              <\/div>  \t\t    <\/div>  <\/section>     <p>\u0130ndi siz niy\u0259 bir \u00e7ox m\u0259rcsev\u0259r \u00fc\u00e7\u00fcn Mostbet-in \u0259v\u0259zolunmaz se\u00e7im oldu\u011funu bilirsiniz. Bu avantajlarla m\u0259rc etm\u0259kd\u0259n h\u0259zz almaq \u00fc\u00e7\u00fcn Mostbet promo code 2023 il\u0259 indi hesab\u0131n\u0131z\u0131 yarad\u0131n! <\/p>    <p class=\"has-text-align-center\">Bax: &#8220;<a href=\"https:\/\/mostbet-az.bet\/tr\/promo\/\">Mostbet TR promosyon kodu<\/a>&#8220;<\/p> <\/section>    <section class=\"wp-block-hc-alternate-group-section\" id=\"Payment-methods\">  <div class=\"media_block right top\" style=\"grid-template-columns: 50% auto;\">  \t        <h2 class=\"title\">Mostbet \u00d6d\u0259ni\u015f Metodlar\u0131: \u018fng\u0259lsiz \u018fm\u0259liyyatlar \u00fc\u00e7\u00fcn<\/h2>          <div class=\"content\">          <p>Mostbet-d\u0259 istifad\u0259\u00e7il\u0259rin rahatl\u0131\u011f\u0131 h\u0259r zaman \u00f6n plandad\u0131r. Az\u0259rbaycanl\u0131 oyun\u00e7ular \u00fc\u00e7\u00fcn <a href=\"https:\/\/mostbet-az.bet\/payment-methods\/\">minimum depozit<\/a> m\u0259bl\u0259\u011fi 3 AZN-d\u0259n, minimum pul \u00e7\u0131xar\u0131\u015f\u0131 is\u0259 15 AZN-d\u0259n ba\u015flay\u0131r. Depozitl\u0259r an\u0131ndaca hesaba k\u00f6\u00e7\u00fcr.<\/p> <p>V\u0259saitl\u0259rin \u00e7\u0131xar\u0131lmas\u0131 \u00fc\u00e7\u00fcn m\u00fcdd\u0259t g\u0259linc\u0259, bu ortalama olaraq 1 saatd\u0131r. Mostbet-in t\u0259klif etdiyi \u0259sas \u00f6d\u0259ni\u015f \u00fcsullar\u0131 is\u0259 bunlard\u0131r:<\/p>     <\/div>              <div class=\"image\">              <div itemscope=\"\" itemtype=\"https:\/\/schema.org\/ImageObject\" class=\"get-image schema-image-object-thumbnail\"><img width=\"1280\" height=\"900\" src=\"https:\/\/mostbet-az.bet\/wp-content\/uploads\/2023\/10\/3-payment-methods.webp\" class=\"attachment-full size-full\" alt=\"M\u00fcxt\u0259lif \u00f6d\u0259ni\u015f \u00fcsullar\u0131 v\u0259 pul v\u0259saitl\u0259rinin al\u0131nmas\u0131\" srcset=\"https:\/\/mostbet-az.bet\/wp-content\/uploads\/2023\/10\/3-payment-methods.webp 1280w, https:\/\/mostbet-az.bet\/wp-content\/uploads\/2023\/10\/3-payment-methods-450x316.webp 450w, https:\/\/mostbet-az.bet\/wp-content\/uploads\/2023\/10\/3-payment-methods-1024x720.webp 1024w, https:\/\/mostbet-az.bet\/wp-content\/uploads\/2023\/10\/3-payment-methods-150x105.webp 150w, https:\/\/mostbet-az.bet\/wp-content\/uploads\/2023\/10\/3-payment-methods-768x540.webp 768w\" sizes=\"(max-width: 1280px) 100vw, 1280px\" loading=\"lazy\" decoding=\"async\" \/><meta itemprop=\"width\" content=\"1280\"><meta itemprop=\"height\" content=\"900\"><meta itemprop=\"contentUrl\" content=\"https:\/\/mostbet-az.bet\/wp-content\/uploads\/2023\/10\/3-payment-methods.webp\"><meta itemprop=\"thumbnail\" content=\"https:\/\/mostbet-az.bet\/wp-content\/uploads\/2023\/10\/3-payment-methods-450x316.webp\"><meta itemprop=\"thumbnail\" content=\"https:\/\/mostbet-az.bet\/wp-content\/uploads\/2023\/10\/3-payment-methods-1024x720.webp\"><meta itemprop=\"thumbnail\" content=\"https:\/\/mostbet-az.bet\/wp-content\/uploads\/2023\/10\/3-payment-methods-150x105.webp\"><meta itemprop=\"thumbnail\" content=\"https:\/\/mostbet-az.bet\/wp-content\/uploads\/2023\/10\/3-payment-methods-768x540.webp\"><\/div>        <\/div>      <\/div>     <ul> <li>Visa<\/li>    <li>Mastercard<\/li>    <li>eManat<\/li>    <li>M10<\/li>    <li>Kartdan Karta<\/li>    <li>PayDo<\/li>    <li>Bitcoin<\/li>    <li>Ethereum<\/li>    <li>Tether<\/li>    <li>Dogecoin<\/li> <\/ul>    <p>Mostbet m\u00fcxt\u0259lif valyutalar\u0131 d\u0259st\u0259kl\u0259yir v\u0259 konvertasiya problemi olmadan se\u00e7diyiniz valyutada m\u0259rc ed\u0259 bilm\u0259yiniz\u0259 imkan verir. \u018fmin olun ki, biz maliyy\u0259 m\u0259lumatlar\u0131n\u0131z\u0131n t\u0259hl\u00fck\u0259sizliyin\u0259 ciddi \u00f6n\u0259m veririk. \u00c7\u00fcnki Mostbet pulunuzu v\u0259 \u015f\u0259xsi m\u0259lumatlar\u0131n\u0131z\u0131 qorumaq \u00fc\u00e7\u00fcn \u015fifr\u0259l\u0259m\u0259 v\u0259 ciddi t\u0259hl\u00fck\u0259sizlik t\u0259dbirl\u0259ri g\u00f6r\u00fcr.<\/p> <\/section>    <section class=\"wp-block-hc-alternate-group-section\" id=\"FAQ\"> <h2 class=\"wp-block-heading\">Tez-tez veril\u0259n suallar<\/h2>   \t<div class=\"faq-section\" itemscope itemtype=\"https:\/\/schema.org\/FAQPage\">                      <div class=\"item show\" itemscope itemprop=\"mainEntity\" itemtype=\"https:\/\/schema.org\/Question\">                  <div class=\"question\">                      <div itemprop=\"name\">                          Mostbet promo kodu nec\u0259 \u0259ld\u0259 etm\u0259k olar?                    <\/div>                      <button class=\"btn btn-link toggler\"><\/button>                  <\/div>                  <div class=\"answer\" itemscope itemprop=\"acceptedAnswer\" itemtype=\"https:\/\/schema.org\/Answer\">                      <div itemprop=\"text\">                          G\u00fcnc\u0259l Mostbet promo kodu veb-sayt\u0131m\u0131zda payla\u015f\u0131lmaqdad\u0131r. H\u0259r zaman sayt\u0131m\u0131z\u0131 ziyar\u0259t etm\u0259kl\u0259, do\u011fru v\u0259 r\u0259smi Mostbet promo code tapa bil\u0259rsiniz.                    <\/div>                  <\/div>              <\/div>                      <div class=\"item show\" itemscope itemprop=\"mainEntity\" itemtype=\"https:\/\/schema.org\/Question\">                  <div class=\"question\">                      <div itemprop=\"name\">                          Promo kodundan nec\u0259 istifad\u0259 etm\u0259k olar?                    <\/div>                      <button class=\"btn btn-link toggler\"><\/button>                  <\/div>                  <div class=\"answer\" itemscope itemprop=\"acceptedAnswer\" itemtype=\"https:\/\/schema.org\/Answer\">                      <div itemprop=\"text\">                          Qeydiyyatdan ke\u00e7dikd\u0259 promo kodu daxil edib, daha sonra depozit etdikd\u0259 bonusunuzu ala bil\u0259rsiniz. Promo kod ilk depozitinizd\u0259 siz\u0259 750 AZN-\u0259 q\u0259d\u0259r 125% bonus + 250 Frispin qazanma imkan\u0131 t\u0259qdim edir.                    <\/div>                  <\/div>              <\/div>                      <div class=\"item show\" itemscope itemprop=\"mainEntity\" itemtype=\"https:\/\/schema.org\/Question\">                  <div class=\"question\">                      <div itemprop=\"name\">                          MostBet promokod h\u0259m \u0130dman, h\u0259m d\u0259 Kazino b\u00f6lm\u0259l\u0259rind\u0259 istifad\u0259 oluna bil\u0259rmi?                    <\/div>                      <button class=\"btn btn-link toggler\"><\/button>                  <\/div>                  <div class=\"answer\" itemscope itemprop=\"acceptedAnswer\" itemtype=\"https:\/\/schema.org\/Answer\">                      <div itemprop=\"text\">                          B\u0259li, bonus m\u0259bl\u0259\u011finizi qeydiyyatdan ke\u00e7\u0259rk\u0259n se\u00e7diyiniz bonus n\u00f6v\u00fcn\u0259 uy\u011fun olaraq istifad\u0259 ed\u0259 bil\u0259rsiniz.                      <\/div>                  <\/div>              <\/div>          \t<\/div>  <\/section> <\/div>","protected":false},"excerpt":{"rendered":"","protected":false},"author":3,"featured_media":1448,"parent":0,"menu_order":0,"comment_status":"closed","ping_status":"closed","template":"","meta":{"footnotes":""},"page_categories":[10],"acf":[],"yoast_head":"<title>Ekskl\u00fcziv Mostbet Promokod 2023: [GETVIP]<\/title>\n<meta name=\"description\" content=\"Mostbet promo kod axtar\u0131rs\u0131n\u0131z? El\u0259 is\u0259 do\u011fru \u00fcnvandas\u0131n\u0131z. \u0130ndi sayt\u0131m\u0131za ke\u00e7id edin v\u0259 m\u00fck\u0259mm\u0259l bonus imkanlar\u0131ndan yararlanma\u011fa ba\u015flay\u0131n! \ud83c\udf81\ud83d\udd25\" \/>\n<meta name=\"robots\" content=\"index, follow, max-snippet:-1, max-image-preview:large, max-video-preview:-1\" \/>\n<link rel=\"canonical\" href=\"https:\/\/mostbet-az.bet\/promo\/\" \/>\n<meta property=\"og:locale\" content=\"az_AZ\" \/>\n<meta property=\"og:type\" content=\"article\" \/>\n<meta property=\"og:title\" content=\"Ekskl\u00fcziv Mostbet Promokod 2023: [GETVIP]\" \/>\n<meta property=\"og:description\" content=\"Mostbet promo kod axtar\u0131rs\u0131n\u0131z? El\u0259 is\u0259 do\u011fru \u00fcnvandas\u0131n\u0131z. \u0130ndi sayt\u0131m\u0131za ke\u00e7id edin v\u0259 m\u00fck\u0259mm\u0259l bonus imkanlar\u0131ndan yararlanma\u011fa ba\u015flay\u0131n! \ud83c\udf81\ud83d\udd25\" \/>\n<meta property=\"og:url\" content=\"https:\/\/mostbet-az.bet\/promo\/\" \/>\n<meta property=\"og:site_name\" content=\"AZ\" \/>\n<meta property=\"article:modified_time\" content=\"2023-12-13T13:40:34+00:00\" \/>\n<meta property=\"og:image\" content=\"https:\/\/mostbet-az.bet\/wp-content\/uploads\/2023\/10\/1-promo-code.webp\" \/>\n\t<meta property=\"og:image:width\" content=\"1280\" \/>\n\t<meta property=\"og:image:height\" content=\"900\" \/>\n\t<meta property=\"og:image:type\" content=\"image\/webp\" \/>\n<meta name=\"twitter:card\" content=\"summary_large_image\" \/>\n<meta name=\"twitter:label1\" content=\"Est. reading time\" \/>\n\t<meta name=\"twitter:data1\" content=\"2 minutes\" \/>","yoast_head_json":{"title":"Ekskl\u00fcziv Mostbet Promokod 2023: [GETVIP]","description":"Mostbet promo kod axtar\u0131rs\u0131n\u0131z? El\u0259 is\u0259 do\u011fru \u00fcnvandas\u0131n\u0131z. \u0130ndi sayt\u0131m\u0131za ke\u00e7id edin v\u0259 m\u00fck\u0259mm\u0259l bonus imkanlar\u0131ndan yararlanma\u011fa ba\u015flay\u0131n! \ud83c\udf81\ud83d\udd25","robots":{"index":"index","follow":"follow","max-snippet":"max-snippet:-1","max-image-preview":"max-image-preview:large","max-video-preview":"max-video-preview:-1"},"canonical":"https:\/\/mostbet-az.bet\/promo\/","og_locale":"az_AZ","og_type":"article","og_title":"Ekskl\u00fcziv Mostbet Promokod 2023: [GETVIP]","og_description":"Mostbet promo kod axtar\u0131rs\u0131n\u0131z? El\u0259 is\u0259 do\u011fru \u00fcnvandas\u0131n\u0131z. \u0130ndi sayt\u0131m\u0131za ke\u00e7id edin v\u0259 m\u00fck\u0259mm\u0259l bonus imkanlar\u0131ndan yararlanma\u011fa ba\u015flay\u0131n! \ud83c\udf81\ud83d\udd25","og_url":"https:\/\/mostbet-az.bet\/promo\/","og_site_name":"AZ","article_modified_time":"2023-12-13T13:40:34+00:00","og_image":[{"width":1280,"height":900,"url":"https:\/\/mostbet-az.bet\/wp-content\/uploads\/2023\/10\/1-promo-code.webp","type":"image\/webp"}],"twitter_card":"summary_large_image","twitter_misc":{"Est. reading time":"2 minutes"},"schema":{"@context":"https:\/\/schema.org","@graph":[{"@type":"WebPage","@id":"https:\/\/mostbet-az.bet\/promo\/","url":"https:\/\/mostbet-az.bet\/promo\/","name":"Ekskl\u00fcziv Mostbet Promokod 2023: [GETVIP]","isPartOf":{"@id":"https:\/\/mostbet-az.bet\/#website"},"datePublished":"2023-10-06T14:00:02+00:00","dateModified":"2023-12-13T13:40:34+00:00","description":"Mostbet promo kod axtar\u0131rs\u0131n\u0131z? El\u0259 is\u0259 do\u011fru \u00fcnvandas\u0131n\u0131z. \u0130ndi sayt\u0131m\u0131za ke\u00e7id edin v\u0259 m\u00fck\u0259mm\u0259l bonus imkanlar\u0131ndan yararlanma\u011fa ba\u015flay\u0131n! \ud83c\udf81\ud83d\udd25","breadcrumb":{"@id":"https:\/\/mostbet-az.bet\/promo\/#breadcrumb"},"inLanguage":"az","potentialAction":[{"@type":"ReadAction","target":["https:\/\/mostbet-az.bet\/promo\/"]}]},{"@type":"BreadcrumbList","@id":"https:\/\/mostbet-az.bet\/promo\/#breadcrumb","itemListElement":[{"@type":"ListItem","position":1,"name":"Mostbet","item":"https:\/\/mostbet-az.bet\/"},{"@type":"ListItem","position":2,"name":"\ud83c\udf81Promokod"}]},{"@type":"WebSite","@id":"https:\/\/mostbet-az.bet\/#website","url":"https:\/\/mostbet-az.bet\/","name":"AZ","description":"","publisher":{"@id":"https:\/\/mostbet-az.bet\/#organization"},"potentialAction":[{"@type":"SearchAction","target":{"@type":"EntryPoint","urlTemplate":"https:\/\/mostbet-az.bet\/?s={search_term_string}"},"query-input":"required name=search_term_string"}],"inLanguage":"az"},{"@type":"Organization","@id":"https:\/\/mostbet-az.bet\/#organization","name":"AZ","url":"https:\/\/mostbet-az.bet\/","logo":{"@type":"ImageObject","inLanguage":"az","@id":"https:\/\/mostbet-az.bet\/#\/schema\/logo\/image\/","url":"https:\/\/mostbet-az.bet\/wp-content\/uploads\/2023\/06\/mostbet-AZ.svg","contentUrl":"https:\/\/mostbet-az.bet\/wp-content\/uploads\/2023\/06\/mostbet-AZ.svg","caption":"AZ"},"image":{"@id":"https:\/\/mostbet-az.bet\/#\/schema\/logo\/image\/"}}]}},"_links":{"self":[{"href":"https:\/\/mostbet-az.bet\/wp-json\/wp\/v2\/pages\/1447"}],"collection":[{"href":"https:\/\/mostbet-az.bet\/wp-json\/wp\/v2\/pages"}],"about":[{"href":"https:\/\/mostbet-az.bet\/wp-json\/wp\/v2\/types\/page"}],"author":[{"embeddable":true,"href":"https:\/\/mostbet-az.bet\/wp-json\/wp\/v2\/users\/3"}],"replies":[{"embeddable":true,"href":"https:\/\/mostbet-az.bet\/wp-json\/wp\/v2\/comments?post=1447"}],"version-history":[{"count":22,"href":"https:\/\/mostbet-az.bet\/wp-json\/wp\/v2\/pages\/1447\/revisions"}],"predecessor-version":[{"id":1795,"href":"https:\/\/mostbet-az.bet\/wp-json\/wp\/v2\/pages\/1447\/revisions\/1795"}],"wp:featuredmedia":[{"embeddable":true,"href":"https:\/\/mostbet-az.bet\/wp-json\/wp\/v2\/media\/1448"}],"wp:attachment":[{"href":"https:\/\/mostbet-az.bet\/wp-json\/wp\/v2\/media?parent=1447"}],"wp:term":[{"taxonomy":"page_categories","embeddable":true,"href":"https:\/\/mostbet-az.bet\/wp-json\/wp\/v2\/page_categories?post=1447"}],"curies":[{"name":"wp","href":"https:\/\/api.w.org\/{rel}","templated":true}]}}