{"id":1499,"date":"2023-10-09T19:25:54","date_gmt":"2023-10-09T16:25:54","guid":{"rendered":"https:\/\/mostbet-az.bet\/?page_id=1499"},"modified":"2023-12-13T16:38:15","modified_gmt":"2023-12-13T13:38:15","slug":"luckyjet","status":"publish","type":"page","link":"https:\/\/mostbet-az.bet\/luckyjet\/","title":{"rendered":"Lucky Jet"},"content":{"rendered":"<div class=\"wp-block-hc-container\"> <section class=\"wp-block-hc-alternate-group-section\" id=\"How-to-play\">  <div class=\"media_block left top\" style=\"grid-template-columns: auto 50%;\">  \t        <h2 class=\"title\">Lucky Jet Oyunu Nec\u0259 Oynamaq olar<\/h2>          <div class=\"content\">          <p>Lucky Jet Mostbet Q\u0259za oyunlar\u0131 kateqoriyas\u0131na daxil olan m\u0259\u015fhur oyunlardan biridir. Oyun olduqca sad\u0259 qaydalara v\u0259 mexanizm\u0259 sahibdir. Oyunda 1.00 \u0259msal il\u0259 u\u00e7ma\u011fa ba\u015flayan bir virtual t\u0259yyar\u0259 var. T\u0259yyar\u0259 havada qalxd\u0131\u011f\u0131 m\u00fcdd\u0259tc\u0259 \u0259msal y\u00fcks\u0259lir.<\/p> <p>Oyun\u00e7ular qazanmaq \u00fc\u00e7\u00fcn m\u0259rcl\u0259rini bu t\u0259yyar\u0259 q\u0259zaya u\u011framadan \u00f6nc\u0259 ist\u0259nil\u0259n vaxt sata bil\u0259rl\u0259r. Ancaq t\u0259yyar\u0259 q\u0259za etm\u0259d\u0259n \u0259vv\u0259l sata bilm\u0259s\u0259niz, raunddak\u0131 m\u0259rciniz itirilmi\u015f olacaq. Bir raundda eyni anda iki m\u0259rc yerl\u0259\u015fdirm\u0259k m\u00fcmk\u00fcnd\u00fcr.<\/p>     <\/div>              <div class=\"image\">              <div itemscope=\"\" itemtype=\"https:\/\/schema.org\/ImageObject\" class=\"get-image schema-image-object-thumbnail\"><img width=\"1280\" height=\"900\" src=\"https:\/\/mostbet-az.bet\/wp-content\/uploads\/2023\/10\/2-how-to-play.webp\" class=\"attachment-full size-full\" alt=\"Qeydiyyatdan ke\u00e7in, depozit qoyun v\u0259 oynama\u011fa ba\u015flay\u0131n\" srcset=\"https:\/\/mostbet-az.bet\/wp-content\/uploads\/2023\/10\/2-how-to-play.webp 1280w, https:\/\/mostbet-az.bet\/wp-content\/uploads\/2023\/10\/2-how-to-play-450x316.webp 450w, https:\/\/mostbet-az.bet\/wp-content\/uploads\/2023\/10\/2-how-to-play-1024x720.webp 1024w, https:\/\/mostbet-az.bet\/wp-content\/uploads\/2023\/10\/2-how-to-play-150x105.webp 150w, https:\/\/mostbet-az.bet\/wp-content\/uploads\/2023\/10\/2-how-to-play-768x540.webp 768w\" sizes=\"(max-width: 1280px) 100vw, 1280px\" loading=\"lazy\" decoding=\"async\" \/><meta itemprop=\"width\" content=\"1280\"><meta itemprop=\"height\" content=\"900\"><meta itemprop=\"contentUrl\" content=\"https:\/\/mostbet-az.bet\/wp-content\/uploads\/2023\/10\/2-how-to-play.webp\"><meta itemprop=\"thumbnail\" content=\"https:\/\/mostbet-az.bet\/wp-content\/uploads\/2023\/10\/2-how-to-play-450x316.webp\"><meta itemprop=\"thumbnail\" content=\"https:\/\/mostbet-az.bet\/wp-content\/uploads\/2023\/10\/2-how-to-play-1024x720.webp\"><meta itemprop=\"thumbnail\" content=\"https:\/\/mostbet-az.bet\/wp-content\/uploads\/2023\/10\/2-how-to-play-150x105.webp\"><meta itemprop=\"thumbnail\" content=\"https:\/\/mostbet-az.bet\/wp-content\/uploads\/2023\/10\/2-how-to-play-768x540.webp\"><\/div>        <\/div>      <\/div>  <\/section>    <section class=\"wp-block-hc-alternate-group-section\" id=\"Advantages-of-the-game\">  <div class=\"media_block right top\" style=\"grid-template-columns: 50% auto;\">  \t        <h3 class=\"title\">Lucky Jet Oynama\u011f\u0131n \u00dcst\u00fcnl\u00fckl\u0259ri<\/h3>          <div class=\"content\">          <p><span style=\"font-weight: 400;\">Lucky Jet oyununu oyun\u00e7ular \u00fc\u00e7\u00fcn \u0259v\u0259zolunmaz se\u00e7im ed\u0259n bir \u00e7ox \u00fcst\u00fcnl\u00fckl\u0259r var. Bu \u00fcst\u00fcnl\u00fckl\u0259r i\u00e7\u0259risind\u0259 \u0259n \u00e7ox \u00f6n\u0259 \u00e7\u0131xanlar is\u0259 bu a\u015fa\u011f\u0131dak\u0131lard\u0131r:<\/span><\/p>     <\/div>              <div class=\"image\">              <div itemscope=\"\" itemtype=\"https:\/\/schema.org\/ImageObject\" class=\"get-image schema-image-object-thumbnail\"><img width=\"1280\" height=\"900\" src=\"https:\/\/mostbet-az.bet\/wp-content\/uploads\/2023\/10\/3-advantages.webp\" class=\"attachment-full size-full\" alt=\"Oyunun bir \u00e7ox \u00fcst\u00fcnl\u00fckl\u0259ri\" srcset=\"https:\/\/mostbet-az.bet\/wp-content\/uploads\/2023\/10\/3-advantages.webp 1280w, https:\/\/mostbet-az.bet\/wp-content\/uploads\/2023\/10\/3-advantages-450x316.webp 450w, https:\/\/mostbet-az.bet\/wp-content\/uploads\/2023\/10\/3-advantages-1024x720.webp 1024w, https:\/\/mostbet-az.bet\/wp-content\/uploads\/2023\/10\/3-advantages-150x105.webp 150w, https:\/\/mostbet-az.bet\/wp-content\/uploads\/2023\/10\/3-advantages-768x540.webp 768w\" sizes=\"(max-width: 1280px) 100vw, 1280px\" loading=\"lazy\" decoding=\"async\" \/><meta itemprop=\"width\" content=\"1280\"><meta itemprop=\"height\" content=\"900\"><meta itemprop=\"contentUrl\" content=\"https:\/\/mostbet-az.bet\/wp-content\/uploads\/2023\/10\/3-advantages.webp\"><meta itemprop=\"thumbnail\" content=\"https:\/\/mostbet-az.bet\/wp-content\/uploads\/2023\/10\/3-advantages-450x316.webp\"><meta itemprop=\"thumbnail\" content=\"https:\/\/mostbet-az.bet\/wp-content\/uploads\/2023\/10\/3-advantages-1024x720.webp\"><meta itemprop=\"thumbnail\" content=\"https:\/\/mostbet-az.bet\/wp-content\/uploads\/2023\/10\/3-advantages-150x105.webp\"><meta itemprop=\"thumbnail\" content=\"https:\/\/mostbet-az.bet\/wp-content\/uploads\/2023\/10\/3-advantages-768x540.webp\"><\/div>        <\/div>      <\/div>     <ol> <li><strong>1. S\u00fcr\u0259tli Oyun Mexanizmi<\/strong>. Lucky Jet is\u0259 Q\u0259za tipli oyunlar aras\u0131nda \u0259n s\u00fcr\u0259tli oynan\u0131\u015fa sahib olanlardan biridir. 1 d\u0259qiq\u0259 \u0259zind\u0259 burada ortalama 3-4 m\u0259rc etm\u0259k m\u00fcmk\u00fcn ola bilir.<\/li>    <li><strong>2. Uy\u011fun limitl\u0259r<\/strong>. Mostbet Lucky Jet oyununda limitl\u0259r h\u0259r k\u0259s \u00fc\u00e7\u00fcn uy\u011fundur. \u00c7\u00fcnki h\u0259r bir m\u0259rc \u00fc\u00e7\u00fcn siz 0,20 AZN-d\u0259n 140 AZN-\u0259 q\u0259d\u0259r m\u0259rcl\u0259r yerl\u0259\u015fdir\u0259 bil\u0259rsiniz.<\/li>    <li><strong>3. B\u00f6y\u00fck Udu\u015flar<\/strong>. Lucky Jet il\u0259 h\u0259r raundda b\u00f6y\u00fck udu\u015flar qazanmaq \u015fans\u0131n\u0131z var. Bir raundda siz m\u0259rcinizin 5072 mislin\u0259 q\u0259d\u0259r qazanc \u0259ld\u0259 ed\u0259 bil\u0259rsiniz. Eyni zamanda, oyun 97% RTP-y\u0259 sahibdir.<\/li>    <li><strong>4. Avto m\u0259rc v\u0259 Avto g\u00f6t\u00fcrm\u0259.<\/strong> Bu oyunun dig\u0259r bir avantaj\u0131 m\u0259rcl\u0259rinizi avtomatik qaydada etm\u0259y\u0259 icaz\u0259 verm\u0259sidir. Avto m\u0259rc v\u0259 avto g\u00f6t\u00fcrm\u0259 x\u00fcsusiyy\u0259tl\u0259ri say\u0259sind\u0259 raundlar\u0131 v\u0259 m\u0259rc sat\u0131\u015f\u0131n\u0131 qa\u00e7\u0131rmama\u011f\u0131 s\u0131\u011fortalaya bil\u0259rsiniz.<\/li>    <li><strong>5. Mobil dostu<\/strong>. Lucky Jet mobil \u00fc\u00e7\u00fcn tam optimizasiya edilmi\u015f bir oyundur. Mostbet proqram\u0131 vasit\u0259sil\u0259 ist\u0259nil\u0259n smartfondan Lucky Jet oynaya bil\u0259rsiniz.<\/li>    <li><strong>6. X\u00fcsusi Bacar\u0131qlar T\u0259l\u0259b olunmur.<\/strong> X\u00fcsusi bacar\u0131q v\u0259 ya strategiya t\u0259l\u0259b ed\u0259n b\u0259zi oyunlardan f\u0259rqli olaraq, Lucky Jet sad\u0259dir v\u0259 he\u00e7 bir&nbsp; t\u0259cr\u00fcb\u0259 t\u0259l\u0259b etmir. Bu, b\u00fct\u00fcn s\u0259viyy\u0259l\u0259rd\u0259 olan oyun\u00e7ular \u00fc\u00e7\u00fcn \u0259l\u00e7atan olan bir oyunudur.<\/li> <\/ol>    <p>Bir s\u00f6zl\u0259, Lucky Jet&nbsp; oynan\u0131lmas\u0131 asan olan v\u0259 ciddi udu\u015f potensial\u0131 t\u0259klif ed\u0259n bir oyundur. H\u0259r k\u0259s\u0131 uy\u011fun v\u0259 qazand\u0131ran oyun olmas\u0131 onu oyun\u00e7ular aras\u0131nda m\u0259\u015fhur se\u00e7im edir.<\/p> <\/section>    <section class=\"wp-block-hc-alternate-group-section\" id=\"How-to-download\">  <div class=\"media_block left top\" style=\"grid-template-columns: auto 50%;\">  \t        <h3 class=\"title\">Lucky Jet Oyununu Nec\u0259 Y\u00fckl\u0259m\u0259k Olar?<\/h3>          <div class=\"content\">          <p>Oyunu oynamaq \u00fc\u00e7\u00fcn ayr\u0131ca mobil proqrama ehtiyac yoxdur. Siz bu fantastik oyuna \u00fcmumi Mostbet proqram\u0131 vasit\u0259sil\u0259 daxil ola bil\u0259rsiniz. Mostbet proqram\u0131n\u0131 is\u0259 a\u015fa\u011f\u0131 t\u0259min etdiyimiz linkl\u0259r\u0259 klikl\u0259y\u0259r\u0259k, y\u00fckl\u0259y\u0259 bil\u0259rsiniz. Mostbet applikasiyas\u0131 oyun\u00e7ulara bir \u00e7ox faydal\u0131 x\u00fcsusiyy\u0259tl\u0259r t\u0259min edir, m\u0259s\u0259l\u0259n:<\/p> <ul> <li><a href=\"https:\/\/mostbet-az.bet\/bonuses\/\"><strong>Bonuslar<\/strong><\/a>. Mostbet t\u0259tbiqi y\u00fckl\u0259yib, qeydiyyatdan ke\u00e7m\u0259kl\u0259, siz depozitsiz 100 Pulsuz f\u0131rlatma qazana bil\u0259rsiniz. Bununla yana\u015f\u0131, Mostbet m\u00fc\u015ft\u0259ril\u0259r\u0259 bir \u00e7ox f\u0259rqli bonus kampaniyalar\u0131 da t\u0259klif edir.<\/li> <li><strong><a href=\"https:\/\/mostbet-az.bet\/registration\/\">Asan Qeydiyyat<\/a>. <\/strong>Mostbet siz\u0259 tez v\u0259 s\u0259m\u0259r\u0259li \u015f\u0259kild\u0259 ba\u015flama\u011fa imkan ver\u0259n problemsiz qeydiyyat prosesi t\u0259klif edir. Sad\u0259c\u0259 Bir klikl\u0259 qeydiyyatdan ke\u00e7m\u0259k v\u0259 hesab yaratmaq m\u00fcmk\u00fcnd\u00fcr.<\/li> <li><strong><a href=\"https:\/\/mostbet-az.bet\/casino\/\">Ba\u015fqa M\u0259rc v\u0259 Kazino Oyunlar\u0131<\/a>.<\/strong> M\u00fcxt\u0259lif m\u0259rc oyunlar\u0131 v\u0259 h\u0259y\u0259canland\u0131ran kazino t\u0259cr\u00fcb\u0259si daxil olmaqla, Mostbet applikasiyas\u0131 il\u0259 geni\u015f sayda mobil oyunlar tapa bil\u0259rsiniz.<\/li> <\/ul>     <\/div>              <div class=\"image\">              <div itemscope=\"\" itemtype=\"https:\/\/schema.org\/ImageObject\" class=\"get-image schema-image-object-thumbnail\"><img width=\"1280\" height=\"900\" src=\"https:\/\/mostbet-az.bet\/wp-content\/uploads\/2023\/10\/4-how-to-download.webp\" class=\"attachment-full size-full\" alt=\"Rahat mobil proqram\" srcset=\"https:\/\/mostbet-az.bet\/wp-content\/uploads\/2023\/10\/4-how-to-download.webp 1280w, https:\/\/mostbet-az.bet\/wp-content\/uploads\/2023\/10\/4-how-to-download-450x316.webp 450w, https:\/\/mostbet-az.bet\/wp-content\/uploads\/2023\/10\/4-how-to-download-1024x720.webp 1024w, https:\/\/mostbet-az.bet\/wp-content\/uploads\/2023\/10\/4-how-to-download-150x105.webp 150w, https:\/\/mostbet-az.bet\/wp-content\/uploads\/2023\/10\/4-how-to-download-768x540.webp 768w\" sizes=\"(max-width: 1280px) 100vw, 1280px\" loading=\"lazy\" decoding=\"async\" \/><meta itemprop=\"width\" content=\"1280\"><meta itemprop=\"height\" content=\"900\"><meta itemprop=\"contentUrl\" content=\"https:\/\/mostbet-az.bet\/wp-content\/uploads\/2023\/10\/4-how-to-download.webp\"><meta itemprop=\"thumbnail\" content=\"https:\/\/mostbet-az.bet\/wp-content\/uploads\/2023\/10\/4-how-to-download-450x316.webp\"><meta itemprop=\"thumbnail\" content=\"https:\/\/mostbet-az.bet\/wp-content\/uploads\/2023\/10\/4-how-to-download-1024x720.webp\"><meta itemprop=\"thumbnail\" content=\"https:\/\/mostbet-az.bet\/wp-content\/uploads\/2023\/10\/4-how-to-download-150x105.webp\"><meta itemprop=\"thumbnail\" content=\"https:\/\/mostbet-az.bet\/wp-content\/uploads\/2023\/10\/4-how-to-download-768x540.webp\"><\/div>        <\/div>      <\/div>  <\/section>    <section class=\"wp-block-hc-alternate-group-section\" id=\"Rules-and-principles\"> <h2 class=\"wp-block-heading\">\u018fsas Qayda v\u0259 Prinsipl\u0259r | Siqnal M\u00f6vcuddurmu?<\/h2>    <p>Lucky Jet-in dig\u0259r m\u0259rc oyunlar\u0131 kimi bir \u015fans oyunu oldu\u011funu ba\u015fa d\u00fc\u015fm\u0259k vacibdir. Lucky Jet t\u0259sad\u00fcfi n\u0259tic\u0259l\u0259r\u0259 \u0259saslan\u0131r v\u0259 h\u0259r raund \u0259vv\u0259lkind\u0259n tamamil\u0259 m\u00fcst\u0259qildir. Oyun \u00fc\u00e7\u00fcn \u0259vv\u0259lc\u0259d\u0259n he\u00e7 bir Mostbet Lucky jet hack v\u0259 ya proqnoz veril\u0259 bilm\u0259z.<\/p>    <p>Unutmay\u0131n ki, oyunda n\u0259tic\u0259y\u0259 t\u0259sir ed\u0259c\u0259k he\u00e7 bir i\u015fl\u0259k siqnal v\u0259 ya 100%-li strategiyalar yoxdur. El\u0259c\u0259 d\u0259 qaydalar\u0131 pozmaq c\u0259hdl\u0259ri Mostbet v\u0259 oyun provayder t\u0259r\u0259find\u0259n c\u0259zaland\u0131rma\u011fa yol a\u00e7acaqd\u0131r. Ona g\u00f6r\u0259 d\u0259 g\u00f6zl\u0259nilm\u0259zliyin h\u0259y\u0259can\u0131n\u0131 q\u0259bul etm\u0259k v\u0259 \u0259dal\u0259tli oynamaq m\u00fctl\u0259qdir.<\/p> <\/section>    <section class=\"wp-block-hc-alternate-group-section\" id=\"Bonuses-and-Promotions\">  <div class=\"media_block right top\" style=\"grid-template-columns: 50% auto;\">  \t        <h2 class=\"title\">Mostbet Bonus v\u0259 Promosiyalar\u0131<\/h2>          <div class=\"content\">          <p>Lucky Jet <a href=\"\/\">Mosbet<\/a> \u00fc\u00e7\u00fcn x\u00fcsusi bonuslar olmasa da, siz platformam\u0131zda m\u00f6vcud olan dig\u0259r \u00e7oxsayl\u0131 bonuslardan yararlana bil\u0259rsiniz. Mostbet bonuslar\u0131 say\u0259sind\u0259 Lucky Jet-d\u0259 pulunuzu risk\u0259 atmadan da qazana bil\u0259rsiniz. Art\u0131q hesab\u0131n\u0131z\u0131 yaratd\u0131\u011f\u0131n\u0131zda Mostbet-d\u0259n 30 Frispin v\u0259 ya Aviator \u00fc\u00e7\u00fcn 5 AZN-lik pulsuz m\u0259rc qazanmaq m\u00fcmk\u00fcnd\u00fcr.<\/p> <p>Bununla yana\u015f\u0131, \u0130lk <a href=\"https:\/\/mostbet-az.bet\/payment-methods\/\">depozitinizd\u0259 Mostbet-d\u0259n<\/a> 750 AZN-\u0259 q\u0259d\u0259r 125% bonus v\u0259 250 Pulsuz f\u0131rlatma qazanmaq \u015fans\u0131n\u0131z var. Bunun \u00fc\u00e7\u00fcn qeydiyyatdan sonrak\u0131 7 g\u00fcn \u0259rzind\u0259 balans\u0131n\u0131z\u0131 minimum 30 AZN art\u0131rmaq laz\u0131md\u0131r. Frispinsiz idman bonusu \u00fc\u00e7\u00fcn is\u0259 sad\u0259c\u0259 3 AZN depozit etm\u0259k kifay\u0259tdir. Bonus v\u0259 frispinl\u0259rd\u0259n \u0259ld\u0259 edil\u0259n udu\u015flar x60 d\u00f6vriyy\u0259 \u015f\u0259rti il\u0259 verilm\u0259kd\u0259dir. \u0130dman bonusunu real pula \u00e7evirm\u0259k \u00fc\u00e7\u00fcn is\u0259 \u0259n az\u0131 3 oyundan (\u0259msallar\u0131 \u0259n az\u0131 1.40 olan) ibar\u0259t ekspres kuponlar yarad\u0131lmal\u0131 v\u0259 5 qat d\u00f6vriyy\u0259 edilm\u0259lidir.<\/p>     <\/div>              <div class=\"image\">              <div itemscope=\"\" itemtype=\"https:\/\/schema.org\/ImageObject\" class=\"get-image schema-image-object-thumbnail\"><img width=\"1280\" height=\"900\" src=\"https:\/\/mostbet-az.bet\/wp-content\/uploads\/2023\/10\/5-bonuses-and-promotions.webp\" class=\"attachment-full size-full\" alt=\"B\u00f6y\u00fck bonus proqram\u0131na bax\u0131n\" srcset=\"https:\/\/mostbet-az.bet\/wp-content\/uploads\/2023\/10\/5-bonuses-and-promotions.webp 1280w, https:\/\/mostbet-az.bet\/wp-content\/uploads\/2023\/10\/5-bonuses-and-promotions-450x316.webp 450w, https:\/\/mostbet-az.bet\/wp-content\/uploads\/2023\/10\/5-bonuses-and-promotions-1024x720.webp 1024w, https:\/\/mostbet-az.bet\/wp-content\/uploads\/2023\/10\/5-bonuses-and-promotions-150x105.webp 150w, https:\/\/mostbet-az.bet\/wp-content\/uploads\/2023\/10\/5-bonuses-and-promotions-768x540.webp 768w\" sizes=\"(max-width: 1280px) 100vw, 1280px\" loading=\"lazy\" decoding=\"async\" \/><meta itemprop=\"width\" content=\"1280\"><meta itemprop=\"height\" content=\"900\"><meta itemprop=\"contentUrl\" content=\"https:\/\/mostbet-az.bet\/wp-content\/uploads\/2023\/10\/5-bonuses-and-promotions.webp\"><meta itemprop=\"thumbnail\" content=\"https:\/\/mostbet-az.bet\/wp-content\/uploads\/2023\/10\/5-bonuses-and-promotions-450x316.webp\"><meta itemprop=\"thumbnail\" content=\"https:\/\/mostbet-az.bet\/wp-content\/uploads\/2023\/10\/5-bonuses-and-promotions-1024x720.webp\"><meta itemprop=\"thumbnail\" content=\"https:\/\/mostbet-az.bet\/wp-content\/uploads\/2023\/10\/5-bonuses-and-promotions-150x105.webp\"><meta itemprop=\"thumbnail\" content=\"https:\/\/mostbet-az.bet\/wp-content\/uploads\/2023\/10\/5-bonuses-and-promotions-768x540.webp\"><\/div>        <\/div>      <\/div>     <p>Mostbet-in haz\u0131rda t\u0259klif etdiyi dig\u0259r bonuslar\u0131n b\u0259zil\u0259ri is\u0259 bunlard\u0131r:<\/p>    <ul> <li>Kazino Loyall\u0131q Proqram\u0131<\/li>    <li>Mostbet Loyall\u0131q Proqram\u0131<\/li>    <li>10% Cashback<\/li>    <li>Udu\u015flu C\u00fcm\u0259<\/li>    <li>Ekspress Buster<\/li>    <li>Mostbet il\u0259 Ad G\u00fcn\u00fc<\/li> <\/ul>    <p>Mostbet-in t\u0259klif etdiyi bonuslar v\u0259 onlar\u0131n \u015f\u0259rtl\u0259ri haqda daha \u0259trafl\u0131 m\u0259lumat almaq \u00fc\u00e7\u00fcn veb-sayt\u0131m\u0131z\u0131n \u201c<strong>Bonuslar<\/strong>\u201d b\u00f6lm\u0259sini ziyar\u0259t etm\u0259yi unutmay\u0131n.<\/p> <\/section>    <section class=\"wp-block-hc-alternate-group-section\" id=\"Lucky-Jet-and-Aviator\">  <div class=\"media_block left top\" style=\"grid-template-columns: auto 50%;\">  \t        <h2 class=\"title\">Lucky Jet v\u0259 Aviator M\u00fcqayis\u0259si<\/h2>          <div class=\"content\">          <p>Lucky Jet v\u0259 <a href=\"https:\/\/mostbet-az.bet\/aviator\/\">Aviator<\/a> b\u0259zi ox\u015farl\u0131qlar\u0131 b\u00f6l\u00fc\u015fs\u0259 d\u0259, eyni zamanda onlar \u00f6z\u00fcn\u0259m\u0259xsus x\u00fcsusiyy\u0259tl\u0259r\u0259 v\u0259 oyun t\u0259rzin\u0259 malikdirl\u0259r. Bu oyunlar aras\u0131nda \u0259n \u00f6n\u0259mli f\u0259rq Lucky Jet Mostbet oyununda raundlar\u0131n daha s\u00fcr\u0259tli olmas\u0131d\u0131r. Eyni m\u00fcdd\u0259td\u0259 siz Lucky Jet-d\u0259 Aviatorla m\u00fcqayis\u0259d\u0259 t\u0259qrib\u0259n 2 d\u0259f\u0259 \u00e7ox m\u0259rc ed\u0259 bil\u0259rsiniz.<\/p> <p>Oyunlar aras\u0131nda ba\u015fqa bir f\u0259rq onlar\u0131n vizual t\u0259qdimat\u0131ndad\u0131r. Lucky Jet vizual olaraq daha r\u0259ngli v\u0259 g\u00f6zox\u015fayand\u0131r. M\u0259rc limitl\u0259rin\u0259 g\u0259linc\u0259, Aviator 0.20 &#8211; 170 AZN, Lucky Jet is\u0259 0.20 &#8211; 140 AZN aras\u0131 m\u0259rcl\u0259r\u0259 icaz\u0259 verir. H\u0259r iki oyunda canl\u0131 s\u00f6hb\u0259t v\u0259 avto m\u0259rc v\u0259 avto g\u00f6t\u00fcrm\u0259 x\u00fcsusiyy\u0259tl\u0259ri m\u00f6vcuddur.<\/p>     <\/div>              <div class=\"image\">              <div itemscope=\"\" itemtype=\"https:\/\/schema.org\/ImageObject\" class=\"get-image schema-image-object-thumbnail\"><img width=\"1280\" height=\"900\" src=\"https:\/\/mostbet-az.bet\/wp-content\/uploads\/2023\/10\/6-lucky-jet-vs-aviator-comparison.webp\" class=\"attachment-full size-full\" alt=\"Lucky Jet v\u0259 Aviator iki \u0259n yax\u015f\u0131 oyununun m\u00fcqayis\u0259sin\u0259 bax\u0131n\" srcset=\"https:\/\/mostbet-az.bet\/wp-content\/uploads\/2023\/10\/6-lucky-jet-vs-aviator-comparison.webp 1280w, https:\/\/mostbet-az.bet\/wp-content\/uploads\/2023\/10\/6-lucky-jet-vs-aviator-comparison-450x316.webp 450w, https:\/\/mostbet-az.bet\/wp-content\/uploads\/2023\/10\/6-lucky-jet-vs-aviator-comparison-1024x720.webp 1024w, https:\/\/mostbet-az.bet\/wp-content\/uploads\/2023\/10\/6-lucky-jet-vs-aviator-comparison-150x105.webp 150w, https:\/\/mostbet-az.bet\/wp-content\/uploads\/2023\/10\/6-lucky-jet-vs-aviator-comparison-768x540.webp 768w\" sizes=\"(max-width: 1280px) 100vw, 1280px\" loading=\"lazy\" decoding=\"async\" \/><meta itemprop=\"width\" content=\"1280\"><meta itemprop=\"height\" content=\"900\"><meta itemprop=\"contentUrl\" content=\"https:\/\/mostbet-az.bet\/wp-content\/uploads\/2023\/10\/6-lucky-jet-vs-aviator-comparison.webp\"><meta itemprop=\"thumbnail\" content=\"https:\/\/mostbet-az.bet\/wp-content\/uploads\/2023\/10\/6-lucky-jet-vs-aviator-comparison-450x316.webp\"><meta itemprop=\"thumbnail\" content=\"https:\/\/mostbet-az.bet\/wp-content\/uploads\/2023\/10\/6-lucky-jet-vs-aviator-comparison-1024x720.webp\"><meta itemprop=\"thumbnail\" content=\"https:\/\/mostbet-az.bet\/wp-content\/uploads\/2023\/10\/6-lucky-jet-vs-aviator-comparison-150x105.webp\"><meta itemprop=\"thumbnail\" content=\"https:\/\/mostbet-az.bet\/wp-content\/uploads\/2023\/10\/6-lucky-jet-vs-aviator-comparison-768x540.webp\"><\/div>        <\/div>      <\/div>     <p>Siz h\u0259r iki oyunu Mostbet-d\u0259 demo modunda s\u0131nayaraq, sizin \u00fc\u00e7\u00fcn hans\u0131n\u0131n daha yax\u015f\u0131 oldu\u011funa q\u0259rar ver\u0259 bil\u0259rsiniz. Bu \u0259v\u0259zolunmaz h\u0259y\u0259can\u0131 ya\u015famaq \u015fans\u0131n\u0131 qa\u00e7\u0131rmay\u0131n \u2014 Qeydiyyatdan ke\u00e7in v\u0259 Lucky Jet il\u0259 bu g\u00fcn u\u00e7ma\u011fa ba\u015flay\u0131n!<\/p> <\/section> <\/div>","protected":false},"excerpt":{"rendered":"","protected":false},"author":3,"featured_media":1500,"parent":0,"menu_order":0,"comment_status":"closed","ping_status":"closed","template":"","meta":{"footnotes":""},"page_categories":[],"acf":[],"yoast_head":"<title>Lucky Jet Mostbet: Aviator-u Gerid\u0259 Qoyan v\u0259 Qazand\u0131ran Q\u0259za Oyunu<\/title>\n<meta name=\"description\" content=\"Lucky Jet Mostbet il\u0259 b\u00f6y\u00fck qazanma\u011fa haz\u0131rs\u0131n\u0131z? El\u0259 is\u0259 qaydalar\u0131, limitl\u0259ri v\u0259 bonus imkanlar\u0131n\u0131 \u00f6yr\u0259nin. \u0130ndi hesab\u0131n\u0131z\u0131 yarad\u0131n v\u0259 Lucky Jet mac\u0259ran\u0131z ba\u015flas\u0131n!\ud83d\ude80\ud83d\udcb0\" \/>\n<meta name=\"robots\" content=\"index, follow, max-snippet:-1, max-image-preview:large, max-video-preview:-1\" \/>\n<link rel=\"canonical\" href=\"https:\/\/mostbet-az.bet\/luckyjet\/\" \/>\n<meta property=\"og:locale\" content=\"az_AZ\" \/>\n<meta property=\"og:type\" content=\"article\" \/>\n<meta property=\"og:title\" content=\"Lucky Jet Mostbet: Aviator-u Gerid\u0259 Qoyan v\u0259 Qazand\u0131ran Q\u0259za Oyunu\" \/>\n<meta property=\"og:description\" content=\"Lucky Jet Mostbet il\u0259 b\u00f6y\u00fck qazanma\u011fa haz\u0131rs\u0131n\u0131z? El\u0259 is\u0259 qaydalar\u0131, limitl\u0259ri v\u0259 bonus imkanlar\u0131n\u0131 \u00f6yr\u0259nin. \u0130ndi hesab\u0131n\u0131z\u0131 yarad\u0131n v\u0259 Lucky Jet mac\u0259ran\u0131z ba\u015flas\u0131n!\ud83d\ude80\ud83d\udcb0\" \/>\n<meta property=\"og:url\" content=\"https:\/\/mostbet-az.bet\/luckyjet\/\" \/>\n<meta property=\"og:site_name\" content=\"AZ\" \/>\n<meta property=\"article:modified_time\" content=\"2023-12-13T13:38:15+00:00\" \/>\n<meta property=\"og:image\" content=\"https:\/\/mostbet-az.bet\/wp-content\/uploads\/2023\/10\/1-lucky-jet.webp\" \/>\n\t<meta property=\"og:image:width\" content=\"1280\" \/>\n\t<meta property=\"og:image:height\" content=\"900\" \/>\n\t<meta property=\"og:image:type\" content=\"image\/webp\" \/>\n<meta name=\"twitter:card\" content=\"summary_large_image\" \/>\n<meta name=\"twitter:label1\" content=\"Est. reading time\" \/>\n\t<meta name=\"twitter:data1\" content=\"2 minutes\" \/>","yoast_head_json":{"title":"Lucky Jet Mostbet: Aviator-u Gerid\u0259 Qoyan v\u0259 Qazand\u0131ran Q\u0259za Oyunu","description":"Lucky Jet Mostbet il\u0259 b\u00f6y\u00fck qazanma\u011fa haz\u0131rs\u0131n\u0131z? El\u0259 is\u0259 qaydalar\u0131, limitl\u0259ri v\u0259 bonus imkanlar\u0131n\u0131 \u00f6yr\u0259nin. \u0130ndi hesab\u0131n\u0131z\u0131 yarad\u0131n v\u0259 Lucky Jet mac\u0259ran\u0131z ba\u015flas\u0131n!\ud83d\ude80\ud83d\udcb0","robots":{"index":"index","follow":"follow","max-snippet":"max-snippet:-1","max-image-preview":"max-image-preview:large","max-video-preview":"max-video-preview:-1"},"canonical":"https:\/\/mostbet-az.bet\/luckyjet\/","og_locale":"az_AZ","og_type":"article","og_title":"Lucky Jet Mostbet: Aviator-u Gerid\u0259 Qoyan v\u0259 Qazand\u0131ran Q\u0259za Oyunu","og_description":"Lucky Jet Mostbet il\u0259 b\u00f6y\u00fck qazanma\u011fa haz\u0131rs\u0131n\u0131z? El\u0259 is\u0259 qaydalar\u0131, limitl\u0259ri v\u0259 bonus imkanlar\u0131n\u0131 \u00f6yr\u0259nin. \u0130ndi hesab\u0131n\u0131z\u0131 yarad\u0131n v\u0259 Lucky Jet mac\u0259ran\u0131z ba\u015flas\u0131n!\ud83d\ude80\ud83d\udcb0","og_url":"https:\/\/mostbet-az.bet\/luckyjet\/","og_site_name":"AZ","article_modified_time":"2023-12-13T13:38:15+00:00","og_image":[{"width":1280,"height":900,"url":"https:\/\/mostbet-az.bet\/wp-content\/uploads\/2023\/10\/1-lucky-jet.webp","type":"image\/webp"}],"twitter_card":"summary_large_image","twitter_misc":{"Est. reading time":"2 minutes"},"schema":{"@context":"https:\/\/schema.org","@graph":[{"@type":"WebPage","@id":"https:\/\/mostbet-az.bet\/luckyjet\/","url":"https:\/\/mostbet-az.bet\/luckyjet\/","name":"Lucky Jet Mostbet: Aviator-u Gerid\u0259 Qoyan v\u0259 Qazand\u0131ran Q\u0259za Oyunu","isPartOf":{"@id":"https:\/\/mostbet-az.bet\/#website"},"datePublished":"2023-10-09T16:25:54+00:00","dateModified":"2023-12-13T13:38:15+00:00","description":"Lucky Jet Mostbet il\u0259 b\u00f6y\u00fck qazanma\u011fa haz\u0131rs\u0131n\u0131z? El\u0259 is\u0259 qaydalar\u0131, limitl\u0259ri v\u0259 bonus imkanlar\u0131n\u0131 \u00f6yr\u0259nin. \u0130ndi hesab\u0131n\u0131z\u0131 yarad\u0131n v\u0259 Lucky Jet mac\u0259ran\u0131z ba\u015flas\u0131n!\ud83d\ude80\ud83d\udcb0","breadcrumb":{"@id":"https:\/\/mostbet-az.bet\/luckyjet\/#breadcrumb"},"inLanguage":"az","potentialAction":[{"@type":"ReadAction","target":["https:\/\/mostbet-az.bet\/luckyjet\/"]}]},{"@type":"BreadcrumbList","@id":"https:\/\/mostbet-az.bet\/luckyjet\/#breadcrumb","itemListElement":[{"@type":"ListItem","position":1,"name":"Mostbet","item":"https:\/\/mostbet-az.bet\/"},{"@type":"ListItem","position":2,"name":"Lucky Jet"}]},{"@type":"WebSite","@id":"https:\/\/mostbet-az.bet\/#website","url":"https:\/\/mostbet-az.bet\/","name":"AZ","description":"","publisher":{"@id":"https:\/\/mostbet-az.bet\/#organization"},"potentialAction":[{"@type":"SearchAction","target":{"@type":"EntryPoint","urlTemplate":"https:\/\/mostbet-az.bet\/?s={search_term_string}"},"query-input":"required name=search_term_string"}],"inLanguage":"az"},{"@type":"Organization","@id":"https:\/\/mostbet-az.bet\/#organization","name":"AZ","url":"https:\/\/mostbet-az.bet\/","logo":{"@type":"ImageObject","inLanguage":"az","@id":"https:\/\/mostbet-az.bet\/#\/schema\/logo\/image\/","url":"https:\/\/mostbet-az.bet\/wp-content\/uploads\/2023\/06\/mostbet-AZ.svg","contentUrl":"https:\/\/mostbet-az.bet\/wp-content\/uploads\/2023\/06\/mostbet-AZ.svg","caption":"AZ"},"image":{"@id":"https:\/\/mostbet-az.bet\/#\/schema\/logo\/image\/"}}]}},"_links":{"self":[{"href":"https:\/\/mostbet-az.bet\/wp-json\/wp\/v2\/pages\/1499"}],"collection":[{"href":"https:\/\/mostbet-az.bet\/wp-json\/wp\/v2\/pages"}],"about":[{"href":"https:\/\/mostbet-az.bet\/wp-json\/wp\/v2\/types\/page"}],"author":[{"embeddable":true,"href":"https:\/\/mostbet-az.bet\/wp-json\/wp\/v2\/users\/3"}],"replies":[{"embeddable":true,"href":"https:\/\/mostbet-az.bet\/wp-json\/wp\/v2\/comments?post=1499"}],"version-history":[{"count":23,"href":"https:\/\/mostbet-az.bet\/wp-json\/wp\/v2\/pages\/1499\/revisions"}],"predecessor-version":[{"id":1788,"href":"https:\/\/mostbet-az.bet\/wp-json\/wp\/v2\/pages\/1499\/revisions\/1788"}],"wp:featuredmedia":[{"embeddable":true,"href":"https:\/\/mostbet-az.bet\/wp-json\/wp\/v2\/media\/1500"}],"wp:attachment":[{"href":"https:\/\/mostbet-az.bet\/wp-json\/wp\/v2\/media?parent=1499"}],"wp:term":[{"taxonomy":"page_categories","embeddable":true,"href":"https:\/\/mostbet-az.bet\/wp-json\/wp\/v2\/page_categories?post=1499"}],"curies":[{"name":"wp","href":"https:\/\/api.w.org\/{rel}","templated":true}]}}