{"id":863,"date":"2023-06-02T13:58:57","date_gmt":"2023-06-02T10:58:57","guid":{"rendered":"https:\/\/mostbet-az.bet\/?page_id=863"},"modified":"2023-12-13T16:38:46","modified_gmt":"2023-12-13T13:38:46","slug":"payment-methods","status":"publish","type":"page","link":"https:\/\/mostbet-az.bet\/payment-methods\/","title":{"rendered":"\u00d6d\u0259m\u0259 metodlar\u0131"},"content":{"rendered":"<div class=\"wp-block-hc-container\"> <section class=\"wp-block-hc-alternate-group-section\" id=\"deposit\">  <div class=\"media_block left top\" style=\"grid-template-columns: auto 50%;\">  \t        <h2 class=\"title\">MostBet-in T\u0259klif Etdiyi Depozit \u00dcsullar\u0131<\/h2>          <div class=\"content\">          <p><a href=\"\/\">MostBet<\/a> istifad\u0259\u00e7il\u0259ri \u00fc\u00e7\u00fcn s\u00fcr\u0259tli v\u0259 uy\u011fun limitl\u0259rl\u0259 depozit imkan\u0131 t\u0259klif edir. Siz kredit kartlar\u0131, elektron pul kis\u0259l\u0259ri, bank k\u00f6\u00e7\u00fcrm\u0259l\u0259ri v\u0259 h\u0259tta kriptovalyutalar aras\u0131ndan se\u00e7im ed\u0259 bil\u0259rsiniz.<\/p> <p>Minimum depozit m\u0259bl\u0259\u011fi v\u0259 \u0259m\u0259liyyat s\u00fcr\u0259ti se\u00e7ilmi\u015f \u00f6d\u0259ni\u015f \u00fcsulundan as\u0131l\u0131 olaraq d\u0259yi\u015fir.<\/p>     <\/div>              <div class=\"image\">              <div itemscope=\"\" itemtype=\"https:\/\/schema.org\/ImageObject\" class=\"get-image schema-image-object-thumbnail\"><img width=\"1280\" height=\"900\" src=\"https:\/\/mostbet-az.bet\/wp-content\/uploads\/2023\/06\/2-depozit-usulu.webp\" class=\"attachment-full size-full\" alt=\"Mostbet AZ depozit \u00fcsullar\u0131na \u00fcmumi bax\u0131\u015f\" srcset=\"https:\/\/mostbet-az.bet\/wp-content\/uploads\/2023\/06\/2-depozit-usulu.webp 1280w, https:\/\/mostbet-az.bet\/wp-content\/uploads\/2023\/06\/2-depozit-usulu-450x316.webp 450w, https:\/\/mostbet-az.bet\/wp-content\/uploads\/2023\/06\/2-depozit-usulu-1024x720.webp 1024w, https:\/\/mostbet-az.bet\/wp-content\/uploads\/2023\/06\/2-depozit-usulu-150x105.webp 150w, https:\/\/mostbet-az.bet\/wp-content\/uploads\/2023\/06\/2-depozit-usulu-768x540.webp 768w\" sizes=\"(max-width: 1280px) 100vw, 1280px\" loading=\"lazy\" decoding=\"async\" \/><meta itemprop=\"width\" content=\"1280\"><meta itemprop=\"height\" content=\"900\"><meta itemprop=\"contentUrl\" content=\"https:\/\/mostbet-az.bet\/wp-content\/uploads\/2023\/06\/2-depozit-usulu.webp\"><meta itemprop=\"thumbnail\" content=\"https:\/\/mostbet-az.bet\/wp-content\/uploads\/2023\/06\/2-depozit-usulu-450x316.webp\"><meta itemprop=\"thumbnail\" content=\"https:\/\/mostbet-az.bet\/wp-content\/uploads\/2023\/06\/2-depozit-usulu-1024x720.webp\"><meta itemprop=\"thumbnail\" content=\"https:\/\/mostbet-az.bet\/wp-content\/uploads\/2023\/06\/2-depozit-usulu-150x105.webp\"><meta itemprop=\"thumbnail\" content=\"https:\/\/mostbet-az.bet\/wp-content\/uploads\/2023\/06\/2-depozit-usulu-768x540.webp\"><\/div>        <\/div>      <\/div>     <p>M\u00f6vcud <strong>depozit se\u00e7iml\u0259rinin siyah\u0131s\u0131<\/strong> v\u0259 onlar\u0131n m\u00fcvafiq limitl\u0259ri, komissiyalar\u0131 v\u0259 \u0259m\u0259liyyat s\u00fcr\u0259ti:<\/p>    <ul> <li><strong>Bank Kartlar\u0131:<\/strong> Visa, Mastercard (Minimum depozit: 3 AZN, Maksimum depozit: 5,000 AZN, Komissiya: 0%, \u018fm\u0259liyyat s\u00fcr\u0259ti: An\u0131nda)<\/li>    <li><strong>Kartdan Karta:<\/strong> \u0130st\u0259nil\u0259n bank kart\u0131 vasit\u0259sil\u0259 k\u00f6\u00e7\u00fcrm\u0259 (Minimum depozit: 5 AZN, Maksimum depozit: 15,000 AZN, Komissiya: 0%, \u018fm\u0259liyyat s\u00fcr\u0259ti: An\u0131nda)<\/li>    <li><strong>\u00d6d\u0259ni\u015f sisteml\u0259ri:<\/strong> m10, eManat+, PayDo (Minimum depozit: 5 AZN, Maksimum depozit: 15,000 AZN, Komissiya: 0%, \u018fm\u0259liyyat s\u00fcr\u0259ti: An\u0131nda)<\/li>    <li><strong>Kriptovalyutalar:<\/strong> Bitcoin, Tether, Litecoin, Ethereum, Ripple (Minimum depozit: 2.15 USDT, Maksimum depozit: N\/A, Komissiya: 0%, \u018fm\u0259liyyat s\u00fcr\u0259ti: An\u0131nda)<\/li> <\/ul>    <div class=\"wp-block-table\"><table><thead><tr><th>\u00d6d\u0259ni\u015f Metodu<\/th><th>Depozit Limitl\u0259ri<\/th><th>M\u00fcdd\u0259ti<\/th><th>Komissiya<\/th><\/tr><\/thead><tbody><tr><td>Mastercard<\/td><td>3\u20bc- 5000\u20bc<\/td><td>An\u0131nda<\/td><td>0%<\/td><\/tr><tr><td>Visa<\/td><td>10\u20bc- 5000\u20bc<\/td><td>An\u0131nda<\/td><td>0%<\/td><\/tr><tr><td>m10<\/td><td>5\u20bc- 15000\u20bc<\/td><td>An\u0131nda<\/td><td>0%<\/td><\/tr><tr><td>Kartdan Karta<\/td><td>5\u20bc- 15000\u20bc<\/td><td>An\u0131nda<\/td><td>0%<\/td><\/tr><tr><td>EManat+<\/td><td>5\u20bc- 15000\u20bc<\/td><td>An\u0131nda<\/td><td>0%<\/td><\/tr><tr><td>WebMoney<\/td><td>N\/A<\/td><td>N\/a<\/td><td>0%<\/td><\/tr><tr><td>Bitcoin<\/td><td>0.000116 BTC<\/td><td>An\u0131nda<\/td><td>0%<\/td><\/tr><tr><td>Tether<\/td><td>2.15 USDT<\/td><td>An\u0131nda<\/td><td>0%<\/td><\/tr><\/tbody><\/table><\/div>    <section class=\"wp-block-hc-alternate-group-section\">  <div class=\"media_block right top\" style=\"grid-template-columns: 50% auto;\">  \t        <h3 class=\"title\">MostBet il\u0259 4 Add\u0131mda Depozitini Tamamla<\/h3>          <div class=\"content\">          <p>MostBet-d\u0259 depozit etm\u0259k \u00fc\u00e7\u00fcn h\u0259r \u015feyi sad\u0259l\u0259\u015fdirdik. \u018fn s\u00fcr\u0259tli \u015f\u0259kild\u0259 ilk depozitinizi etm\u0259k \u00fc\u00e7\u00fcn bu sad\u0259 add\u0131mlar\u0131 yerin\u0259 yetirin:<\/p> <ol> <li><strong>Hesab Yarad\u0131n<\/strong>. MostBet Ana s\u0259hif\u0259sind\u0259 yuxar\u0131 sol k\u00fcncd\u0259ki \u201cQeydiyyat\u201d d\u00fcym\u0259sin\u0259 klikl\u0259yin.T\u0259klif olunan qeydiyyat \u00fcsullar\u0131ndan birini se\u00e7\u0259r\u0259k, hesab yarad\u0131n.<\/li> <li><strong>Depozit B\u00f6lm\u0259sini A\u00e7\u0131n<\/strong>. Sol yuxar\u0131 k\u00fcncd\u0259 yerl\u0259\u015f\u0259n \u201cDepozit\u201d b\u00f6l\u00fcm\u00fc \u00fcz\u0259rin\u0259 bas\u0131n.<\/li> <li><strong>\u00d6d\u0259ni\u015f \u00dcsulunu se\u00e7in<\/strong>. \u00d6d\u0259ni\u015f \u00fcsullar\u0131 aras\u0131ndan \u00f6z\u00fcn\u00fcz\u0259 uy\u011fun olan birini se\u00e7in v\u0259 ir\u0259li d\u00fcym\u0259sini bas\u0131n.<\/li> <li><strong>Detallar\u0131 yaz\u0131n<\/strong>. Depozit etm\u0259k ist\u0259diyiniz m\u0259bl\u0259\u011fi v\u0259 \u00f6d\u0259ni\u015f \u00fcsulunun t\u0259l\u0259b etdiyi dig\u0259r bilgil\u0259ri daxil edib, \u201cDepozit\u201d s\u00f6z\u00fcn\u00fc klikl\u0259y\u0259 bil\u0259rsiniz.<\/li> <\/ol>     <\/div>              <div class=\"image\">              <div itemscope=\"\" itemtype=\"https:\/\/schema.org\/ImageObject\" class=\"get-image schema-image-object-thumbnail\"><img width=\"1280\" height=\"900\" src=\"https:\/\/mostbet-az.bet\/wp-content\/uploads\/2023\/06\/3-nec\u0259-\u0259man\u0259t-etm\u0259k-olar.webp\" class=\"attachment-full size-full\" alt=\"Nec\u0259 \u0259man\u0259t etm\u0259k olar\" srcset=\"https:\/\/mostbet-az.bet\/wp-content\/uploads\/2023\/06\/3-nec\u0259-\u0259man\u0259t-etm\u0259k-olar.webp 1280w, https:\/\/mostbet-az.bet\/wp-content\/uploads\/2023\/06\/3-nec\u0259-\u0259man\u0259t-etm\u0259k-olar-450x316.webp 450w, https:\/\/mostbet-az.bet\/wp-content\/uploads\/2023\/06\/3-nec\u0259-\u0259man\u0259t-etm\u0259k-olar-1024x720.webp 1024w, https:\/\/mostbet-az.bet\/wp-content\/uploads\/2023\/06\/3-nec\u0259-\u0259man\u0259t-etm\u0259k-olar-150x105.webp 150w, https:\/\/mostbet-az.bet\/wp-content\/uploads\/2023\/06\/3-nec\u0259-\u0259man\u0259t-etm\u0259k-olar-768x540.webp 768w\" sizes=\"(max-width: 1280px) 100vw, 1280px\" loading=\"lazy\" decoding=\"async\" \/><meta itemprop=\"width\" content=\"1280\"><meta itemprop=\"height\" content=\"900\"><meta itemprop=\"contentUrl\" content=\"https:\/\/mostbet-az.bet\/wp-content\/uploads\/2023\/06\/3-nec\u0259-\u0259man\u0259t-etm\u0259k-olar.webp\"><meta itemprop=\"thumbnail\" content=\"https:\/\/mostbet-az.bet\/wp-content\/uploads\/2023\/06\/3-nec\u0259-\u0259man\u0259t-etm\u0259k-olar-450x316.webp\"><meta itemprop=\"thumbnail\" content=\"https:\/\/mostbet-az.bet\/wp-content\/uploads\/2023\/06\/3-nec\u0259-\u0259man\u0259t-etm\u0259k-olar-1024x720.webp\"><meta itemprop=\"thumbnail\" content=\"https:\/\/mostbet-az.bet\/wp-content\/uploads\/2023\/06\/3-nec\u0259-\u0259man\u0259t-etm\u0259k-olar-150x105.webp\"><meta itemprop=\"thumbnail\" content=\"https:\/\/mostbet-az.bet\/wp-content\/uploads\/2023\/06\/3-nec\u0259-\u0259man\u0259t-etm\u0259k-olar-768x540.webp\"><\/div>        <\/div>      <\/div>     <div class=\"wp-block-buttons is-content-justification-center is-layout-flex wp-container-core-buttons-layout-1 wp-block-buttons-is-layout-flex\"> <div class=\"wp-block-button\"><a class=\"wp-block-button__link wp-element-button\" href=\"https:\/\/mostbet-az.bet\/play-now\">\ud83d\udcb8Depozit Et<\/a><\/div> <\/div> <\/section> <\/section>    <section class=\"wp-block-hc-alternate-group-section\" id=\"withdrawal\">  <div class=\"media_block left top\" style=\"grid-template-columns: auto 50%;\">  \t        <h2 class=\"title\">MostBet Pul \u00c7\u0131xar\u0131\u015f\u0131 \u00dcsullar\u0131<\/h2>          <div class=\"content\">          <p>MostBet h\u0259m\u00e7inin udu\u015flar\u0131n\u0131z\u0131 asanl\u0131qla \u0259ld\u0259 ed\u0259 bilm\u0259nizi t\u0259min etm\u0259k \u00fc\u00e7\u00fcn m\u00fcxt\u0259lif pul \u00e7\u0131xarma \u00fcsullar\u0131 t\u0259klif edir. M\u00f6vcud MostBet pul \u00e7ixarmaq se\u00e7iml\u0259rinin siyah\u0131s\u0131 v\u0259 onlar\u0131n m\u00fcvafiq<strong> limitl\u0259ri, komissiyalar\u0131 v\u0259 \u0259m\u0259liyyat s\u00fcr\u0259ti<\/strong> haqda daha detall\u0131 m\u0259lumat a\u015fa\u011f\u0131da verilmi\u015fdir:<\/p> <ul> <li><strong>Bank Kartlar\u0131<\/strong>: Visa, Mastercard (Minimum pul \u00e7\u0131xar\u0131\u015f\u0131: 30 AZN, Maksimum pul \u00e7\u0131xar\u0131\u015f\u0131: 6000 AZN, Komissiya: 0%, \u018fm\u0259liyyat s\u00fcr\u0259ti: 1 saat)<\/li> <li><strong>\u00d6d\u0259ni\u015f sisteml\u0259ri<\/strong>: m10, Webmoney (Minimum pul \u00e7\u0131xar\u0131\u015f\u0131: 15 AZN, Maksimum pul \u00e7\u0131xar\u0131\u015f\u0131: 15,000$, Komissiya: 0%, \u018fm\u0259liyyat s\u00fcr\u0259ti: 1 saat)<\/li> <li><strong>Kriptovalyutalar<\/strong>: Bitkoin, Tether, Litecoin, Etherium, Ripple (Minimum pul \u00e7\u0131xar\u0131\u015f\u0131: N\/A, Maksimum pul \u00e7\u0131xar\u0131\u015f\u0131: N\/A, Komissiya: 0%, \u018fm\u0259liyyat s\u00fcr\u0259ti: 1 saat)<\/li> <\/ul>     <\/div>              <div class=\"image\">              <div itemscope=\"\" itemtype=\"https:\/\/schema.org\/ImageObject\" class=\"get-image schema-image-object-thumbnail\"><img width=\"1280\" height=\"900\" src=\"https:\/\/mostbet-az.bet\/wp-content\/uploads\/2023\/06\/4-MostBet-Pul-Cixarisi-Usullari.webp\" class=\"attachment-full size-full\" alt=\"MostBet \u00c7\u0131xarma Metodlar\u0131na \u0130cmal\" srcset=\"https:\/\/mostbet-az.bet\/wp-content\/uploads\/2023\/06\/4-MostBet-Pul-Cixarisi-Usullari.webp 1280w, https:\/\/mostbet-az.bet\/wp-content\/uploads\/2023\/06\/4-MostBet-Pul-Cixarisi-Usullari-450x316.webp 450w, https:\/\/mostbet-az.bet\/wp-content\/uploads\/2023\/06\/4-MostBet-Pul-Cixarisi-Usullari-1024x720.webp 1024w, https:\/\/mostbet-az.bet\/wp-content\/uploads\/2023\/06\/4-MostBet-Pul-Cixarisi-Usullari-150x105.webp 150w, https:\/\/mostbet-az.bet\/wp-content\/uploads\/2023\/06\/4-MostBet-Pul-Cixarisi-Usullari-768x540.webp 768w\" sizes=\"(max-width: 1280px) 100vw, 1280px\" loading=\"lazy\" decoding=\"async\" \/><meta itemprop=\"width\" content=\"1280\"><meta itemprop=\"height\" content=\"900\"><meta itemprop=\"contentUrl\" content=\"https:\/\/mostbet-az.bet\/wp-content\/uploads\/2023\/06\/4-MostBet-Pul-Cixarisi-Usullari.webp\"><meta itemprop=\"thumbnail\" content=\"https:\/\/mostbet-az.bet\/wp-content\/uploads\/2023\/06\/4-MostBet-Pul-Cixarisi-Usullari-450x316.webp\"><meta itemprop=\"thumbnail\" content=\"https:\/\/mostbet-az.bet\/wp-content\/uploads\/2023\/06\/4-MostBet-Pul-Cixarisi-Usullari-1024x720.webp\"><meta itemprop=\"thumbnail\" content=\"https:\/\/mostbet-az.bet\/wp-content\/uploads\/2023\/06\/4-MostBet-Pul-Cixarisi-Usullari-150x105.webp\"><meta itemprop=\"thumbnail\" content=\"https:\/\/mostbet-az.bet\/wp-content\/uploads\/2023\/06\/4-MostBet-Pul-Cixarisi-Usullari-768x540.webp\"><\/div>        <\/div>      <\/div>     <p><strong>Qeyd<\/strong>: MostBet para \u00e7ekme m\u00fcdd\u0259ti \u0259sas\u0259n 1 saat olsa da, bu m\u00fcdd\u0259t b\u0259zi hallarda maksimum 72 saata q\u0259d\u0259r uzana bil\u0259r. MostBet sizin v\u0259saitl\u0259rin t\u0259hl\u00fck\u0259sizliyini t\u0259min etm\u0259k \u00fc\u00e7\u00fcn pul \u00e7\u0131xar\u0131\u015f\u0131 zaman\u0131 sizd\u0259n \u015f\u0259xsi m\u0259lumatlar\u0131n\u0131z\u0131 qeyd etm\u0259yinizi ist\u0259y\u0259 bil\u0259r.<\/p>    <div class=\"wp-block-table\"><table><thead><tr><th>\u00d6d\u0259ni\u015f Metodu<\/th><th>Pul \u00c7\u0131xar\u0131\u015f\u0131 Limitl\u0259ri<\/th><th>M\u00fcdd\u0259ti<\/th><th>Komissiya<\/th><\/tr><\/thead><tbody><tr><td>Mastercard<\/td><td>30\u20bc- 6000\u20bc<\/td><td>1 saat<\/td><td>0%<\/td><\/tr><tr><td>Visa<\/td><td>30\u20bc- 6000\u20bc<\/td><td>1 saat<\/td><td>0%<\/td><\/tr><tr><td>m10<\/td><td>15\u20bc- 3000\u20bc<\/td><td>1 saat<\/td><td>0%<\/td><\/tr><tr><td>WebMoney<\/td><td>N\/A<\/td><td>1 saat<\/td><td>0%<\/td><\/tr><tr><td>Bitcoin<\/td><td>N\/A<\/td><td>1 saat<\/td><td>0%<\/td><\/tr><tr><td>Tether<\/td><td><a>N\/A<\/a><\/td><td>1 saat<\/td><td>0%<\/td><\/tr><tr><td>Etherium<\/td><td>N\/A<\/td><td>1 saat<\/td><td>0%<\/td><\/tr><\/tbody><\/table><\/div>    <p><a id=\"_msocom_1\"><\/a><\/p>    <section class=\"wp-block-hc-alternate-group-section\">  <div class=\"media_block right top\" style=\"grid-template-columns: 50% auto;\">  \t        <h3 class=\"title\">MostBet Pul Cixarmaq \u2013 Sad\u0259 v\u0259 Rahat<\/h3>          <div class=\"content\">          <p>Pul \u00e7\u0131xar\u0131\u015f\u0131 etm\u0259k MostBet-d\u0259 \u00e7ox asand\u0131r! Sad\u0259c\u0259 a\u015fa\u011f\u0131dak\u0131 add\u0131mlar\u0131 izl\u0259yin v\u0259 \u0259n s\u00fcr\u0259tli formada pullar\u0131n\u0131z balans\u0131n\u0131za k\u00f6\u00e7s\u00fcn:<\/p> <ul> <li>Hesab\u0131n\u0131za Giri\u015f Edin.\u018fvv\u0259lc\u0131 login v\u0259 parolunuzu yazaraq, MostBet giri\u015f edin.<\/li> <li>Hesab\u0131n\u0131z\u0131 T\u0259sdiql\u0259din. \u018fg\u0259r hesab\u0131n\u0131z\u0131 t\u0259sdiql\u0259tm\u0259misinizs\u0259, \u201c\u015e\u0259xsi m\u0259lumatlar\u201d b\u00f6lm\u0259sin\u0259 gedin v\u0259 sizd\u0259n t\u0259l\u0259b olunan (ad, soyad, do\u011fum tarixi, \u00f6lk\u0259, \u015f\u0259h\u0259r v\u0259 s\u0259n\u0259d) bilgil\u0259rinizi daxil edin.<\/li> <li>\u00c7\u0131xar\u0131\u015f B\u00f6lm\u0259sin\u0259 Gedin. N\u00f6vb\u0259ti add\u0131mda sayt\u0131n yuxar\u0131 hiss\u0259sind\u0259ki 3 paralel x\u0259tti bas\u0131b, \u201c\u00c7\u0131xar\u0131\u015f\u201d s\u00f6z\u00fcn\u00fcn \u00fcz\u0259rin\u0259 klikl\u0259yin.<\/li> <li>\u00d6d\u0259m\u0259 Metodunu Se\u00e7in.Sistemd\u0259n pulu \u00e7\u0131xarmaq ist\u0259diyiniz uy\u011fun \u00f6d\u0259ni\u015f \u00fcsulunu se\u00e7in.<\/li> <li>Detallar\u0131 Qeyd edin. \u00c7\u0131xarmaq ist\u0259diyiniz v\u0259saitin miqdar\u0131n\u0131 v\u0259 \u00f6d\u0259ni\u015f \u00fcsulunun k\u00f6\u00e7\u00fcrm\u0259 \u00fc\u00e7\u00fcn t\u0259l\u0259b etdiyi dig\u0259r detallar\u0131 daxil edin. \u018fg\u0259r h\u0259r \u015fey do\u011frudursa, pulunuz \u0259n q\u0131sa zamanda hesab\u0131n\u0131za k\u00f6\u00e7\u0259c\u0259kdir.<\/li> <\/ul>     <\/div>              <div class=\"image\">              <div itemscope=\"\" itemtype=\"https:\/\/schema.org\/ImageObject\" class=\"get-image schema-image-object-thumbnail\"><img width=\"1280\" height=\"900\" src=\"https:\/\/mostbet-az.bet\/wp-content\/uploads\/2023\/06\/5-Pul-Cixarmaq.webp\" class=\"attachment-full size-full\" alt=\"Mostbet-\u0259 pulu nec\u0259 \u00e7\u0131xarmaq olar\" srcset=\"https:\/\/mostbet-az.bet\/wp-content\/uploads\/2023\/06\/5-Pul-Cixarmaq.webp 1280w, https:\/\/mostbet-az.bet\/wp-content\/uploads\/2023\/06\/5-Pul-Cixarmaq-450x316.webp 450w, https:\/\/mostbet-az.bet\/wp-content\/uploads\/2023\/06\/5-Pul-Cixarmaq-1024x720.webp 1024w, https:\/\/mostbet-az.bet\/wp-content\/uploads\/2023\/06\/5-Pul-Cixarmaq-150x105.webp 150w, https:\/\/mostbet-az.bet\/wp-content\/uploads\/2023\/06\/5-Pul-Cixarmaq-768x540.webp 768w\" sizes=\"(max-width: 1280px) 100vw, 1280px\" loading=\"lazy\" decoding=\"async\" \/><meta itemprop=\"width\" content=\"1280\"><meta itemprop=\"height\" content=\"900\"><meta itemprop=\"contentUrl\" content=\"https:\/\/mostbet-az.bet\/wp-content\/uploads\/2023\/06\/5-Pul-Cixarmaq.webp\"><meta itemprop=\"thumbnail\" content=\"https:\/\/mostbet-az.bet\/wp-content\/uploads\/2023\/06\/5-Pul-Cixarmaq-450x316.webp\"><meta itemprop=\"thumbnail\" content=\"https:\/\/mostbet-az.bet\/wp-content\/uploads\/2023\/06\/5-Pul-Cixarmaq-1024x720.webp\"><meta itemprop=\"thumbnail\" content=\"https:\/\/mostbet-az.bet\/wp-content\/uploads\/2023\/06\/5-Pul-Cixarmaq-150x105.webp\"><meta itemprop=\"thumbnail\" content=\"https:\/\/mostbet-az.bet\/wp-content\/uploads\/2023\/06\/5-Pul-Cixarmaq-768x540.webp\"><\/div>        <\/div>      <\/div>  <\/section> <\/section>    <section class=\"wp-block-hc-alternate-group-section\"> <h2 class=\"wp-block-heading\">Tez-Tez Veril\u0259n Suallar<\/h2>   \t<div class=\"faq-section\" itemscope itemtype=\"https:\/\/schema.org\/FAQPage\">                      <div class=\"item show\" itemscope itemprop=\"mainEntity\" itemtype=\"https:\/\/schema.org\/Question\">                  <div class=\"question\">                      <div itemprop=\"name\">                          MostBet Azerbaycan Manat\u0131 il\u0259 depozit v\u0259 pul \u00e7\u0131xar\u0131\u015f\u0131 q\u0259bul edirmi?                    <\/div>                      <button class=\"btn btn-link toggler\"><\/button>                  <\/div>                  <div class=\"answer\" itemscope itemprop=\"acceptedAnswer\" itemtype=\"https:\/\/schema.org\/Answer\">                      <div itemprop=\"text\">                          B\u0259li, MostBet bir \u00e7ox valyuta n\u00f6v\u00fcn\u00fc, o c\u00fcml\u0259d\u0259n Az\u0259rbaycan Manat\u0131 (AZN) d\u0259st\u0259kl\u0259yir.                    <\/div>                  <\/div>              <\/div>                      <div class=\"item show\" itemscope itemprop=\"mainEntity\" itemtype=\"https:\/\/schema.org\/Question\">                  <div class=\"question\">                      <div itemprop=\"name\">                          MostBet para \u00e7ekme \u00fc\u00e7\u00fcn h\u0259r hans\u0131 komissiya t\u0259l\u0259b edirmi?                    <\/div>                      <button class=\"btn btn-link toggler\"><\/button>                  <\/div>                  <div class=\"answer\" itemscope itemprop=\"acceptedAnswer\" itemtype=\"https:\/\/schema.org\/Answer\">                      <div itemprop=\"text\">                          Xeyr, MostBet h\u0259r hans\u0131 \u00f6d\u0259ni\u015f \u00fcsulu il\u0259 edil\u0259n pul \u00e7\u0131xar\u0131\u015f\u0131 \u00fc\u00e7\u00fcn he\u00e7 bir komissiya tutmur.                    <\/div>                  <\/div>              <\/div>                      <div class=\"item show\" itemscope itemprop=\"mainEntity\" itemtype=\"https:\/\/schema.org\/Question\">                  <div class=\"question\">                      <div itemprop=\"name\">                          MostBet deposit limitl\u0259ri n\u0259 q\u0259d\u0259rdir?                    <\/div>                      <button class=\"btn btn-link toggler\"><\/button>                  <\/div>                  <div class=\"answer\" itemscope itemprop=\"acceptedAnswer\" itemtype=\"https:\/\/schema.org\/Answer\">                      <div itemprop=\"text\">                          MostBet minimum depozit t\u0259l\u0259bi sad\u0259c\u0259 3 AZN-dir. Maksimum depozit limiti is\u0259 15,000 AZN t\u0259\u015fkil edir. Ancaq kriptovalyutalarla bu limit daha da arta bil\u0259r.                    <\/div>                  <\/div>              <\/div>          \t<\/div>  <\/section> <\/div>","protected":false},"excerpt":{"rendered":"","protected":false},"author":2,"featured_media":867,"parent":0,"menu_order":0,"comment_status":"closed","ping_status":"closed","template":"","meta":{"footnotes":""},"page_categories":[],"acf":[],"yoast_head":"<title>MostBet Deposit v\u0259 Pul \u00c7\u0131xar\u0131\u015f\u0131 \u00dcsullar\u0131 \u2013 H\u0259r K\u0259s\u0259 Uy\u011fun Limitl\u0259r<\/title>\n<meta name=\"description\" content=\"MostBet deposit etm\u0259kd\u0259 h\u0259r hans\u0131 \u00e7\u0259tinliyin var? El\u0259 is\u0259 yaz\u0131m\u0131z\u0131 oxu! \ud83d\udcb3 \ud83d\udcb8 \u00d6d\u0259ni\u015f \u00fcsullar\u0131, limitl\u0259r, komissiya v\u0259 \u0259m\u0259liyyat s\u00fcr\u0259ti haqq\u0131nda h\u0259r \u015feyi \u00f6yr\u0259n!\" \/>\n<meta name=\"robots\" content=\"index, follow, max-snippet:-1, max-image-preview:large, max-video-preview:-1\" \/>\n<link rel=\"canonical\" href=\"https:\/\/mostbet-az.bet\/payment-methods\/\" \/>\n<meta property=\"og:locale\" content=\"az_AZ\" \/>\n<meta property=\"og:type\" content=\"article\" \/>\n<meta property=\"og:title\" content=\"MostBet Deposit v\u0259 Pul \u00c7\u0131xar\u0131\u015f\u0131 \u00dcsullar\u0131 \u2013 H\u0259r K\u0259s\u0259 Uy\u011fun Limitl\u0259r\" \/>\n<meta property=\"og:description\" content=\"MostBet deposit etm\u0259kd\u0259 h\u0259r hans\u0131 \u00e7\u0259tinliyin var? El\u0259 is\u0259 yaz\u0131m\u0131z\u0131 oxu! \ud83d\udcb3 \ud83d\udcb8 \u00d6d\u0259ni\u015f \u00fcsullar\u0131, limitl\u0259r, komissiya v\u0259 \u0259m\u0259liyyat s\u00fcr\u0259ti haqq\u0131nda h\u0259r \u015feyi \u00f6yr\u0259n!\" \/>\n<meta property=\"og:url\" content=\"https:\/\/mostbet-az.bet\/payment-methods\/\" \/>\n<meta property=\"og:site_name\" content=\"AZ\" \/>\n<meta property=\"article:modified_time\" content=\"2023-12-13T13:38:46+00:00\" \/>\n<meta property=\"og:image\" content=\"https:\/\/mostbet-az.bet\/wp-content\/uploads\/2023\/06\/1-Deposit-v\u0259-Pul-Cixarisi-Usullari.webp\" \/>\n\t<meta property=\"og:image:width\" content=\"1280\" \/>\n\t<meta property=\"og:image:height\" content=\"900\" \/>\n\t<meta property=\"og:image:type\" content=\"image\/webp\" \/>\n<meta name=\"twitter:card\" content=\"summary_large_image\" \/>\n<meta name=\"twitter:label1\" content=\"Est. reading time\" \/>\n\t<meta name=\"twitter:data1\" content=\"2 minutes\" \/>","yoast_head_json":{"title":"MostBet Deposit v\u0259 Pul \u00c7\u0131xar\u0131\u015f\u0131 \u00dcsullar\u0131 \u2013 H\u0259r K\u0259s\u0259 Uy\u011fun Limitl\u0259r","description":"MostBet deposit etm\u0259kd\u0259 h\u0259r hans\u0131 \u00e7\u0259tinliyin var? El\u0259 is\u0259 yaz\u0131m\u0131z\u0131 oxu! \ud83d\udcb3 \ud83d\udcb8 \u00d6d\u0259ni\u015f \u00fcsullar\u0131, limitl\u0259r, komissiya v\u0259 \u0259m\u0259liyyat s\u00fcr\u0259ti haqq\u0131nda h\u0259r \u015feyi \u00f6yr\u0259n!","robots":{"index":"index","follow":"follow","max-snippet":"max-snippet:-1","max-image-preview":"max-image-preview:large","max-video-preview":"max-video-preview:-1"},"canonical":"https:\/\/mostbet-az.bet\/payment-methods\/","og_locale":"az_AZ","og_type":"article","og_title":"MostBet Deposit v\u0259 Pul \u00c7\u0131xar\u0131\u015f\u0131 \u00dcsullar\u0131 \u2013 H\u0259r K\u0259s\u0259 Uy\u011fun Limitl\u0259r","og_description":"MostBet deposit etm\u0259kd\u0259 h\u0259r hans\u0131 \u00e7\u0259tinliyin var? El\u0259 is\u0259 yaz\u0131m\u0131z\u0131 oxu! \ud83d\udcb3 \ud83d\udcb8 \u00d6d\u0259ni\u015f \u00fcsullar\u0131, limitl\u0259r, komissiya v\u0259 \u0259m\u0259liyyat s\u00fcr\u0259ti haqq\u0131nda h\u0259r \u015feyi \u00f6yr\u0259n!","og_url":"https:\/\/mostbet-az.bet\/payment-methods\/","og_site_name":"AZ","article_modified_time":"2023-12-13T13:38:46+00:00","og_image":[{"width":1280,"height":900,"url":"https:\/\/mostbet-az.bet\/wp-content\/uploads\/2023\/06\/1-Deposit-v\u0259-Pul-Cixarisi-Usullari.webp","type":"image\/webp"}],"twitter_card":"summary_large_image","twitter_misc":{"Est. reading time":"2 minutes"},"schema":{"@context":"https:\/\/schema.org","@graph":[{"@type":"WebPage","@id":"https:\/\/mostbet-az.bet\/payment-methods\/","url":"https:\/\/mostbet-az.bet\/payment-methods\/","name":"MostBet Deposit v\u0259 Pul \u00c7\u0131xar\u0131\u015f\u0131 \u00dcsullar\u0131 \u2013 H\u0259r K\u0259s\u0259 Uy\u011fun Limitl\u0259r","isPartOf":{"@id":"https:\/\/mostbet-az.bet\/#website"},"datePublished":"2023-06-02T10:58:57+00:00","dateModified":"2023-12-13T13:38:46+00:00","description":"MostBet deposit etm\u0259kd\u0259 h\u0259r hans\u0131 \u00e7\u0259tinliyin var? El\u0259 is\u0259 yaz\u0131m\u0131z\u0131 oxu! \ud83d\udcb3 \ud83d\udcb8 \u00d6d\u0259ni\u015f \u00fcsullar\u0131, limitl\u0259r, komissiya v\u0259 \u0259m\u0259liyyat s\u00fcr\u0259ti haqq\u0131nda h\u0259r \u015feyi \u00f6yr\u0259n!","breadcrumb":{"@id":"https:\/\/mostbet-az.bet\/payment-methods\/#breadcrumb"},"inLanguage":"az","potentialAction":[{"@type":"ReadAction","target":["https:\/\/mostbet-az.bet\/payment-methods\/"]}]},{"@type":"BreadcrumbList","@id":"https:\/\/mostbet-az.bet\/payment-methods\/#breadcrumb","itemListElement":[{"@type":"ListItem","position":1,"name":"Mostbet","item":"https:\/\/mostbet-az.bet\/"},{"@type":"ListItem","position":2,"name":"\ud83d\udcb0Deposit v\u0259 Pul \u00c7\u0131xar\u0131\u015f\u0131 \u00dcsullar\u0131"}]},{"@type":"WebSite","@id":"https:\/\/mostbet-az.bet\/#website","url":"https:\/\/mostbet-az.bet\/","name":"AZ","description":"","publisher":{"@id":"https:\/\/mostbet-az.bet\/#organization"},"potentialAction":[{"@type":"SearchAction","target":{"@type":"EntryPoint","urlTemplate":"https:\/\/mostbet-az.bet\/?s={search_term_string}"},"query-input":"required name=search_term_string"}],"inLanguage":"az"},{"@type":"Organization","@id":"https:\/\/mostbet-az.bet\/#organization","name":"AZ","url":"https:\/\/mostbet-az.bet\/","logo":{"@type":"ImageObject","inLanguage":"az","@id":"https:\/\/mostbet-az.bet\/#\/schema\/logo\/image\/","url":"https:\/\/mostbet-az.bet\/wp-content\/uploads\/2023\/06\/mostbet-AZ.svg","contentUrl":"https:\/\/mostbet-az.bet\/wp-content\/uploads\/2023\/06\/mostbet-AZ.svg","caption":"AZ"},"image":{"@id":"https:\/\/mostbet-az.bet\/#\/schema\/logo\/image\/"}}]}},"_links":{"self":[{"href":"https:\/\/mostbet-az.bet\/wp-json\/wp\/v2\/pages\/863"}],"collection":[{"href":"https:\/\/mostbet-az.bet\/wp-json\/wp\/v2\/pages"}],"about":[{"href":"https:\/\/mostbet-az.bet\/wp-json\/wp\/v2\/types\/page"}],"author":[{"embeddable":true,"href":"https:\/\/mostbet-az.bet\/wp-json\/wp\/v2\/users\/2"}],"replies":[{"embeddable":true,"href":"https:\/\/mostbet-az.bet\/wp-json\/wp\/v2\/comments?post=863"}],"version-history":[{"count":17,"href":"https:\/\/mostbet-az.bet\/wp-json\/wp\/v2\/pages\/863\/revisions"}],"predecessor-version":[{"id":1790,"href":"https:\/\/mostbet-az.bet\/wp-json\/wp\/v2\/pages\/863\/revisions\/1790"}],"wp:featuredmedia":[{"embeddable":true,"href":"https:\/\/mostbet-az.bet\/wp-json\/wp\/v2\/media\/867"}],"wp:attachment":[{"href":"https:\/\/mostbet-az.bet\/wp-json\/wp\/v2\/media?parent=863"}],"wp:term":[{"taxonomy":"page_categories","embeddable":true,"href":"https:\/\/mostbet-az.bet\/wp-json\/wp\/v2\/page_categories?post=863"}],"curies":[{"name":"wp","href":"https:\/\/api.w.org\/{rel}","templated":true}]}}